{"id":47,"date":"2025-07-04T12:30:00","date_gmt":"2025-07-04T10:30:00","guid":{"rendered":"https:\/\/coquelic-home.fr\/?page_id=47"},"modified":"2025-07-25T16:58:52","modified_gmt":"2025-07-25T14:58:52","slug":"faq-contact","status":"publish","type":"page","link":"https:\/\/coquelic-home.fr\/?page_id=47","title":{"rendered":"FAQ &#8211; Contact"},"content":{"rendered":"\t\t<div data-elementor-type=\"wp-page\" data-elementor-id=\"47\" class=\"elementor elementor-47\">\n\t\t\t\t<div class=\"elementor-element elementor-element-997ab81 e-flex e-con-boxed e-con e-parent\" data-id=\"997ab81\" data-element_type=\"container\" data-e-type=\"container\">\n\t\t\t\t\t<div class=\"e-con-inner\">\n\t\t\t\t<div class=\"elementor-element elementor-element-d3f173f elementor-widget elementor-widget-heading\" data-id=\"d3f173f\" data-element_type=\"widget\" data-e-type=\"widget\" data-widget_type=\"heading.default\">\n\t\t\t\t<div class=\"elementor-widget-container\">\n\t\t\t\t\t<h2 class=\"elementor-heading-title elementor-size-default\">Foire Aux Questions<\/h2>\t\t\t\t<\/div>\n\t\t\t\t<\/div>\n\t\t\t\t\t<\/div>\n\t\t\t\t<\/div>\n\t\t<div class=\"elementor-element elementor-element-7887b03 e-flex e-con-boxed e-con e-parent\" data-id=\"7887b03\" data-element_type=\"container\" data-e-type=\"container\">\n\t\t\t\t\t<div class=\"e-con-inner\">\n\t\t\t\t<div class=\"elementor-element elementor-element-2644c89 elementor-widget elementor-widget-spacer\" data-id=\"2644c89\" data-element_type=\"widget\" data-e-type=\"widget\" data-widget_type=\"spacer.default\">\n\t\t\t\t<div class=\"elementor-widget-container\">\n\t\t\t\t\t\t\t<div class=\"elementor-spacer\">\n\t\t\t<div class=\"elementor-spacer-inner\"><\/div>\n\t\t<\/div>\n\t\t\t\t\t\t<\/div>\n\t\t\t\t<\/div>\n\t\t\t\t\t<\/div>\n\t\t\t\t<\/div>\n\t\t<div class=\"elementor-element elementor-element-d913a8e e-flex e-con-boxed e-con e-parent\" data-id=\"d913a8e\" data-element_type=\"container\" data-e-type=\"container\">\n\t\t\t\t\t<div class=\"e-con-inner\">\n\t\t\t\t<div class=\"elementor-element elementor-element-400005b elementor-widget elementor-widget-heading\" data-id=\"400005b\" data-element_type=\"widget\" data-e-type=\"widget\" data-widget_type=\"heading.default\">\n\t\t\t\t<div class=\"elementor-widget-container\">\n\t\t\t\t\t<h2 class=\"elementor-heading-title elementor-size-default\">Quel est le projet \u00e9ducatif de la micro-cr\u00e8che ?<\/h2>\t\t\t\t<\/div>\n\t\t\t\t<\/div>\n\t\t\t\t\t<\/div>\n\t\t\t\t<\/div>\n\t\t<div class=\"elementor-element elementor-element-c15a59a e-flex e-con-boxed e-con e-parent\" data-id=\"c15a59a\" data-element_type=\"container\" data-e-type=\"container\">\n\t\t\t\t\t<div class=\"e-con-inner\">\n\t\t\t\t<div class=\"elementor-element elementor-element-045e972 elementor-widget elementor-widget-text-editor\" data-id=\"045e972\" data-element_type=\"widget\" data-e-type=\"widget\" data-widget_type=\"text-editor.default\">\n\t\t\t\t<div class=\"elementor-widget-container\">\n\t\t\t\t\t\t\t\t\t<p><span style=\"font-weight: 400;\">Nous pla\u00e7ons la <strong>nature<\/strong> et le <strong>jeu libre<\/strong> au c\u0153ur de notre p\u00e9dagogie. Chaque journ\u00e9e est l\u2019occasion pour les enfants d\u2019<strong>explorer<\/strong>, d\u2019<strong>imaginer<\/strong> et de <strong>grandir<\/strong> \u00e0 leur rythme, dans un environnement bienveillant et respectueux de leurs besoins. <strong>Nous croyons qu\u2019un enfant \u00e9panoui est un enfant libre d\u2019\u00eatre lui-m\u00eame.<\/strong><\/span><\/p>\t\t\t\t\t\t\t\t<\/div>\n\t\t\t\t<\/div>\n\t\t\t\t\t<\/div>\n\t\t\t\t<\/div>\n\t\t<div class=\"elementor-element elementor-element-d6b3480 e-flex e-con-boxed e-con e-parent\" data-id=\"d6b3480\" data-element_type=\"container\" data-e-type=\"container\">\n\t\t\t\t\t<div class=\"e-con-inner\">\n\t\t\t\t<div class=\"elementor-element elementor-element-f00e5d0 elementor-widget elementor-widget-heading\" data-id=\"f00e5d0\" data-element_type=\"widget\" data-e-type=\"widget\" data-widget_type=\"heading.default\">\n\t\t\t\t<div class=\"elementor-widget-container\">\n\t\t\t\t\t<h2 class=\"elementor-heading-title elementor-size-default\">Qui compose l\u2019\u00e9quipe p\u00e9dagogique et quelles sont ses qualifications ?<\/h2>\t\t\t\t<\/div>\n\t\t\t\t<\/div>\n\t\t\t\t\t<\/div>\n\t\t\t\t<\/div>\n\t\t<div class=\"elementor-element elementor-element-5b8902b e-flex e-con-boxed e-con e-parent\" data-id=\"5b8902b\" data-element_type=\"container\" data-e-type=\"container\">\n\t\t\t\t\t<div class=\"e-con-inner\">\n\t\t\t\t<div class=\"elementor-element elementor-element-e838fe8 elementor-widget elementor-widget-text-editor\" data-id=\"e838fe8\" data-element_type=\"widget\" data-e-type=\"widget\" data-widget_type=\"text-editor.default\">\n\t\t\t\t<div class=\"elementor-widget-container\">\n\t\t\t\t\t\t\t\t\t<p><span style=\"font-weight: 400;\">Notre \u00e9quipe est compos\u00e9e de <strong>professionnelles dipl\u00f4m\u00e9es et exp\u00e9riment\u00e9es<\/strong> dans le domaine de la petite enfance. Passionn\u00e9\u00b7e\u00b7s par leur m\u00e9tier, elles accompagnent chaque enfant avec <strong>douceur<\/strong>, <strong>\u00e9coute<\/strong> et <strong>enthousiasme<\/strong>, dans un climat de <strong>confiance<\/strong> et de <strong>respect<\/strong> mutuel.<\/span><\/p>\t\t\t\t\t\t\t\t<\/div>\n\t\t\t\t<\/div>\n\t\t\t\t\t<\/div>\n\t\t\t\t<\/div>\n\t\t<div class=\"elementor-element elementor-element-a01ea6b e-flex e-con-boxed e-con e-parent\" data-id=\"a01ea6b\" data-element_type=\"container\" data-e-type=\"container\">\n\t\t\t\t\t<div class=\"e-con-inner\">\n\t\t\t\t<div class=\"elementor-element elementor-element-66b8843 elementor-widget elementor-widget-heading\" data-id=\"66b8843\" data-element_type=\"widget\" data-e-type=\"widget\" data-widget_type=\"heading.default\">\n\t\t\t\t<div class=\"elementor-widget-container\">\n\t\t\t\t\t<h2 class=\"elementor-heading-title elementor-size-default\">\u00c0 partir de quel \u00e2ge mon enfant peut-il \u00eatre accueilli, et jusqu\u2019\u00e0 quand ?<\/h2>\t\t\t\t<\/div>\n\t\t\t\t<\/div>\n\t\t\t\t\t<\/div>\n\t\t\t\t<\/div>\n\t\t<div class=\"elementor-element elementor-element-cba844d e-flex e-con-boxed e-con e-parent\" data-id=\"cba844d\" data-element_type=\"container\" data-e-type=\"container\">\n\t\t\t\t\t<div class=\"e-con-inner\">\n\t\t\t\t<div class=\"elementor-element elementor-element-4ee94e8 elementor-widget elementor-widget-text-editor\" data-id=\"4ee94e8\" data-element_type=\"widget\" data-e-type=\"widget\" data-widget_type=\"text-editor.default\">\n\t\t\t\t<div class=\"elementor-widget-container\">\n\t\t\t\t\t\t\t\t\t<p><span style=\"font-weight: 400;\">Nous accueillons les enfants <strong>d\u00e8s l\u2019\u00e2ge de 10 semaines jusqu\u2019\u00e0 leur entr\u00e9e \u00e0 l\u2019\u00e9cole maternelle<\/strong>. Chaque famille peut choisir la formule qui lui convient le mieux, en fonction de son organisation et de ses besoins.<\/span><\/p>\t\t\t\t\t\t\t\t<\/div>\n\t\t\t\t<\/div>\n\t\t\t\t\t<\/div>\n\t\t\t\t<\/div>\n\t\t<div class=\"elementor-element elementor-element-b02adb1 e-flex e-con-boxed e-con e-parent\" data-id=\"b02adb1\" data-element_type=\"container\" data-e-type=\"container\">\n\t\t\t\t\t<div class=\"e-con-inner\">\n\t\t\t\t<div class=\"elementor-element elementor-element-6d55075 elementor-widget elementor-widget-heading\" data-id=\"6d55075\" data-element_type=\"widget\" data-e-type=\"widget\" data-widget_type=\"heading.default\">\n\t\t\t\t<div class=\"elementor-widget-container\">\n\t\t\t\t\t<h2 class=\"elementor-heading-title elementor-size-default\">Quels sont les horaires d\u2019ouverture et proposez-vous de la flexibilit\u00e9 ?<\/h2>\t\t\t\t<\/div>\n\t\t\t\t<\/div>\n\t\t\t\t\t<\/div>\n\t\t\t\t<\/div>\n\t\t<div class=\"elementor-element elementor-element-5648cfb e-flex e-con-boxed e-con e-parent\" data-id=\"5648cfb\" data-element_type=\"container\" data-e-type=\"container\">\n\t\t\t\t\t<div class=\"e-con-inner\">\n\t\t\t\t<div class=\"elementor-element elementor-element-eb9258b elementor-widget elementor-widget-text-editor\" data-id=\"eb9258b\" data-element_type=\"widget\" data-e-type=\"widget\" data-widget_type=\"text-editor.default\">\n\t\t\t\t<div class=\"elementor-widget-container\">\n\t\t\t\t\t\t\t\t\t<p><span style=\"font-weight: 400;\">La micro-cr\u00e8che est <strong>ouverte de 7h30 \u00e0 18h30, du lundi au vendredi<\/strong>. Nous faisons preuve de souplesse dans la mesure du possible, afin d\u2019accompagner au mieux le quotidien des familles.<\/span><\/p>\t\t\t\t\t\t\t\t<\/div>\n\t\t\t\t<\/div>\n\t\t\t\t\t<\/div>\n\t\t\t\t<\/div>\n\t\t<div class=\"elementor-element elementor-element-277ec6e e-flex e-con-boxed e-con e-parent\" data-id=\"277ec6e\" data-element_type=\"container\" data-e-type=\"container\">\n\t\t\t\t\t<div class=\"e-con-inner\">\n\t\t\t\t<div class=\"elementor-element elementor-element-7de161c elementor-widget elementor-widget-heading\" data-id=\"7de161c\" data-element_type=\"widget\" data-e-type=\"widget\" data-widget_type=\"heading.default\">\n\t\t\t\t<div class=\"elementor-widget-container\">\n\t\t\t\t\t<h2 class=\"elementor-heading-title elementor-size-default\">Comment se passe la p\u00e9riode de familiarisation ?<\/h2>\t\t\t\t<\/div>\n\t\t\t\t<\/div>\n\t\t\t\t\t<\/div>\n\t\t\t\t<\/div>\n\t\t<div class=\"elementor-element elementor-element-c8b177a e-flex e-con-boxed e-con e-parent\" data-id=\"c8b177a\" data-element_type=\"container\" data-e-type=\"container\">\n\t\t\t\t\t<div class=\"e-con-inner\">\n\t\t\t\t<div class=\"elementor-element elementor-element-8c76b24 elementor-widget elementor-widget-text-editor\" data-id=\"8c76b24\" data-element_type=\"widget\" data-e-type=\"widget\" data-widget_type=\"text-editor.default\">\n\t\t\t\t<div class=\"elementor-widget-container\">\n\t\t\t\t\t\t\t\t\t<p><span style=\"font-weight: 400;\"><strong>La p\u00e9riode de familiarisation est une \u00e9tape essentielle et pr\u00e9cieuse, tant pour l\u2019enfant que pour ses parents<\/strong>. Elle se construit <strong>sur mesure<\/strong>, en tenant compte de l\u2019histoire, du rythme et des besoins sp\u00e9cifiques de chaque famille. Nous avan\u00e7ons \u00e0 petits pas, ensemble, pour que <strong>chacun trouve sa place<\/strong> dans un climat de confiance.<\/span><\/p>\t\t\t\t\t\t\t\t<\/div>\n\t\t\t\t<\/div>\n\t\t\t\t<div class=\"elementor-element elementor-element-4e92501 elementor-widget elementor-widget-heading\" data-id=\"4e92501\" data-element_type=\"widget\" data-e-type=\"widget\" data-widget_type=\"heading.default\">\n\t\t\t\t<div class=\"elementor-widget-container\">\n\t\t\t\t\t<h2 class=\"elementor-heading-title elementor-size-default\">Quelles sont les mesures mises en place pour garantir la s\u00e9curit\u00e9 et l\u2019hygi\u00e8ne ?<\/h2>\t\t\t\t<\/div>\n\t\t\t\t<\/div>\n\t\t\t\t<div class=\"elementor-element elementor-element-e005c64 elementor-widget elementor-widget-text-editor\" data-id=\"e005c64\" data-element_type=\"widget\" data-e-type=\"widget\" data-widget_type=\"text-editor.default\">\n\t\t\t\t<div class=\"elementor-widget-container\">\n\t\t\t\t\t\t\t\t\t<p><span style=\"font-weight: 400;\"><strong>La s\u00e9curit\u00e9 et l\u2019hygi\u00e8ne sont nos priorit\u00e9s quotidiennes<\/strong>. Nos locaux r\u00e9pondent aux <strong>normes en vigueur<\/strong>, notre \u00e9quipe suit des <strong>protocoles rigoureux<\/strong>, et chaque geste est pens\u00e9 pour assurer <strong>le bien-\u00eatre et la s\u00e9curit\u00e9<\/strong> des enfants \u00e0 tout moment.<\/span><\/p>\t\t\t\t\t\t\t\t<\/div>\n\t\t\t\t<\/div>\n\t\t\t\t<div class=\"elementor-element elementor-element-6e8e438 elementor-widget elementor-widget-heading\" data-id=\"6e8e438\" data-element_type=\"widget\" data-e-type=\"widget\" data-widget_type=\"heading.default\">\n\t\t\t\t<div class=\"elementor-widget-container\">\n\t\t\t\t\t<h2 class=\"elementor-heading-title elementor-size-default\">Comment puis-je inscrire mon enfant et quand dois-je faire la d\u00e9marche ?<\/h2>\t\t\t\t<\/div>\n\t\t\t\t<\/div>\n\t\t\t\t<div class=\"elementor-element elementor-element-63d2abd elementor-widget elementor-widget-text-editor\" data-id=\"63d2abd\" data-element_type=\"widget\" data-e-type=\"widget\" data-widget_type=\"text-editor.default\">\n\t\t\t\t<div class=\"elementor-widget-container\">\n\t\t\t\t\t\t\t\t\t<p><span style=\"font-weight: 400;\">Vous pouvez effectuer une demande de pr\u00e9inscription <strong>directement depuis notre site<\/strong>, via l\u2019onglet <\/span><i><span style=\"font-weight: 400;\">Pr\u00e9inscription<\/span><\/i><span style=\"font-weight: 400;\">. Une fois votre demande re\u00e7ue, nous vous contacterons pour \u00e9changer et planifier une visite. Nous vous conseillons d\u2019anticiper : <strong>les places sont limit\u00e9es<\/strong> !<\/span><\/p>\t\t\t\t\t\t\t\t<\/div>\n\t\t\t\t<\/div>\n\t\t\t\t<div class=\"elementor-element elementor-element-b76aeb7 elementor-widget elementor-widget-heading\" data-id=\"b76aeb7\" data-element_type=\"widget\" data-e-type=\"widget\" data-widget_type=\"heading.default\">\n\t\t\t\t<div class=\"elementor-widget-container\">\n\t\t\t\t\t<h2 class=\"elementor-heading-title elementor-size-default\">Quels sont les tarifs et \u00e0 quelles aides ai-je droit ?<\/h2>\t\t\t\t<\/div>\n\t\t\t\t<\/div>\n\t\t\t\t<div class=\"elementor-element elementor-element-82e02ca elementor-widget elementor-widget-text-editor\" data-id=\"82e02ca\" data-element_type=\"widget\" data-e-type=\"widget\" data-widget_type=\"text-editor.default\">\n\t\t\t\t<div class=\"elementor-widget-container\">\n\t\t\t\t\t\t\t\t\t<p><span style=\"font-weight: 400;\">En tant que micro-cr\u00e8che, vous b\u00e9n\u00e9ficiez d\u2019un <strong>tarif modul\u00e9<\/strong> en fonction de vos revenus et du temps d\u2019accueil de votre enfant. Vous pouvez percevoir une <strong>aide financi\u00e8re de la CAF\/MSA<\/strong> appel\u00e9e le CMG structure, ainsi que d\u2019une <strong>d\u00e9duction d\u2019imp\u00f4ts<\/strong>. Nous vous accompagnons volontiers dans ces d\u00e9marches administratives. <strong>Consultez notre page <\/strong><\/span><strong><i>Tarifs et aides financi\u00e8res<\/i><\/strong><span style=\"font-weight: 400;\"> pour en savoir plus.<\/span><\/p>\t\t\t\t\t\t\t\t<\/div>\n\t\t\t\t<\/div>\n\t\t\t\t<div class=\"elementor-element elementor-element-3571540 elementor-widget elementor-widget-heading\" data-id=\"3571540\" data-element_type=\"widget\" data-e-type=\"widget\" data-widget_type=\"heading.default\">\n\t\t\t\t<div class=\"elementor-widget-container\">\n\t\t\t\t\t<h2 class=\"elementor-heading-title elementor-size-default\">O\u00f9 se situe la micro-cr\u00e8che et comment y acc\u00e9der ?<\/h2>\t\t\t\t<\/div>\n\t\t\t\t<\/div>\n\t\t\t\t<div class=\"elementor-element elementor-element-f53a9c8 elementor-widget elementor-widget-text-editor\" data-id=\"f53a9c8\" data-element_type=\"widget\" data-e-type=\"widget\" data-widget_type=\"text-editor.default\">\n\t\t\t\t<div class=\"elementor-widget-container\">\n\t\t\t\t\t\t\t\t\t<p><span style=\"font-weight: 400;\">Notre structure est situ\u00e9e au <strong>2 rue Bugale Bihan \u00e0 Plou\u00ebc du Trieux<\/strong>, juste \u00e0 c\u00f4t\u00e9 de l\u2019\u00e9cole publique. Elle est facilement accessible en voiture, \u00e0 v\u00e9lo ou \u00e0 pied. Toutes les informations pratiques sont disponibles dans la rubrique <\/span><i><span style=\"font-weight: 400;\">Informations pratiques<\/span><\/i><span style=\"font-weight: 400;\">.<\/span><\/p>\t\t\t\t\t\t\t\t<\/div>\n\t\t\t\t<\/div>\n\t\t\t\t<div class=\"elementor-element elementor-element-f4ef480 elementor-widget elementor-widget-heading\" data-id=\"f4ef480\" data-element_type=\"widget\" data-e-type=\"widget\" data-widget_type=\"heading.default\">\n\t\t\t\t<div class=\"elementor-widget-container\">\n\t\t\t\t\t<h2 class=\"elementor-heading-title elementor-size-default\">Puis-je venir visiter la micro-cr\u00e8che ?<\/h2>\t\t\t\t<\/div>\n\t\t\t\t<\/div>\n\t\t\t\t<div class=\"elementor-element elementor-element-1ccb20f elementor-widget elementor-widget-text-editor\" data-id=\"1ccb20f\" data-element_type=\"widget\" data-e-type=\"widget\" data-widget_type=\"text-editor.default\">\n\t\t\t\t<div class=\"elementor-widget-container\">\n\t\t\t\t\t\t\t\t\t<p><span style=\"font-weight: 400;\">Oui, bien s\u00fbr ! S<\/span><span style=\"font-weight: 400;\">i vous souhaitez visiter nos locaux, il suffit de <strong>nous contacter<\/strong> : nous serons ravis de vous accueillir et d\u2019\u00e9changer avec vous autour de vos besoins.<\/span><\/p>\t\t\t\t\t\t\t\t<\/div>\n\t\t\t\t<\/div>\n\t\t\t\t\t<\/div>\n\t\t\t\t<\/div>\n\t\t<div class=\"elementor-element elementor-element-999e8c4 e-flex e-con-boxed e-con e-parent\" data-id=\"999e8c4\" data-element_type=\"container\" data-e-type=\"container\">\n\t\t\t\t\t<div class=\"e-con-inner\">\n\t\t\t\t<div class=\"elementor-element elementor-element-ccda73e elementor-widget elementor-widget-text-editor\" data-id=\"ccda73e\" data-element_type=\"widget\" data-e-type=\"widget\" data-widget_type=\"text-editor.default\">\n\t\t\t\t<div class=\"elementor-widget-container\">\n\t\t\t\t\t\t\t\t\t<p>Vous ne trouver pas la r\u00e9ponse \u00e0 votre question ?<\/p><p>Contactez-nous par mail \u00e0 l&rsquo;adresse suivante : contact@coquelic-home.fr<\/p>\t\t\t\t\t\t\t\t<\/div>\n\t\t\t\t<\/div>\n\t\t\t\t\t<\/div>\n\t\t\t\t<\/div>\n\t\t\t\t<\/div>\n\t\t","protected":false},"excerpt":{"rendered":"<p>Foire Aux Questions Quel est le projet \u00e9ducatif de la micro-cr\u00e8che ? Nous pla\u00e7ons la nature et le jeu libre au c\u0153ur de notre p\u00e9dagogie. Chaque journ\u00e9e est l\u2019occasion pour les enfants d\u2019explorer, d\u2019imaginer et de grandir \u00e0 leur rythme, dans un environnement bienveillant et respectueux de leurs besoins. Nous croyons qu\u2019un enfant \u00e9panoui est [&hellip;]<\/p>\n","protected":false},"author":2,"featured_media":0,"parent":0,"menu_order":0,"comment_status":"closed","ping_status":"closed","template":"","meta":{"ocean_post_layout":"","ocean_both_sidebars_style":"","ocean_both_sidebars_content_width":0,"ocean_both_sidebars_sidebars_width":0,"ocean_sidebar":"","ocean_second_sidebar":"","ocean_disable_margins":"enable","ocean_add_body_class":"","ocean_shortcode_before_top_bar":"","ocean_shortcode_after_top_bar":"","ocean_shortcode_before_header":"","ocean_shortcode_after_header":"","ocean_has_shortcode":"","ocean_shortcode_after_title":"","ocean_shortcode_before_footer_widgets":"","ocean_shortcode_after_footer_widgets":"","ocean_shortcode_before_footer_bottom":"","ocean_shortcode_after_footer_bottom":"","ocean_display_top_bar":"default","ocean_display_header":"default","ocean_header_style":"","ocean_center_header_left_menu":"","ocean_custom_header_template":"","ocean_custom_logo":0,"ocean_custom_retina_logo":0,"ocean_custom_logo_max_width":0,"ocean_custom_logo_tablet_max_width":0,"ocean_custom_logo_mobile_max_width":0,"ocean_custom_logo_max_height":0,"ocean_custom_logo_tablet_max_height":0,"ocean_custom_logo_mobile_max_height":0,"ocean_header_custom_menu":"","ocean_menu_typo_font_family":"","ocean_menu_typo_font_subset":"","ocean_menu_typo_font_size":0,"ocean_menu_typo_font_size_tablet":0,"ocean_menu_typo_font_size_mobile":0,"ocean_menu_typo_font_size_unit":"px","ocean_menu_typo_font_weight":"","ocean_menu_typo_font_weight_tablet":"","ocean_menu_typo_font_weight_mobile":"","ocean_menu_typo_transform":"","ocean_menu_typo_transform_tablet":"","ocean_menu_typo_transform_mobile":"","ocean_menu_typo_line_height":0,"ocean_menu_typo_line_height_tablet":0,"ocean_menu_typo_line_height_mobile":0,"ocean_menu_typo_line_height_unit":"","ocean_menu_typo_spacing":0,"ocean_menu_typo_spacing_tablet":0,"ocean_menu_typo_spacing_mobile":0,"ocean_menu_typo_spacing_unit":"","ocean_menu_link_color":"","ocean_menu_link_color_hover":"","ocean_menu_link_color_active":"","ocean_menu_link_background":"","ocean_menu_link_hover_background":"","ocean_menu_link_active_background":"","ocean_menu_social_links_bg":"","ocean_menu_social_hover_links_bg":"","ocean_menu_social_links_color":"","ocean_menu_social_hover_links_color":"","ocean_disable_title":"default","ocean_disable_heading":"default","ocean_post_title":"","ocean_post_subheading":"","ocean_post_title_style":"","ocean_post_title_background_color":"","ocean_post_title_background":0,"ocean_post_title_bg_image_position":"","ocean_post_title_bg_image_attachment":"","ocean_post_title_bg_image_repeat":"","ocean_post_title_bg_image_size":"","ocean_post_title_height":0,"ocean_post_title_bg_overlay":0.5,"ocean_post_title_bg_overlay_color":"","ocean_disable_breadcrumbs":"default","ocean_breadcrumbs_color":"","ocean_breadcrumbs_separator_color":"","ocean_breadcrumbs_links_color":"","ocean_breadcrumbs_links_hover_color":"","ocean_display_footer_widgets":"default","ocean_display_footer_bottom":"default","ocean_custom_footer_template":"","footnotes":""},"class_list":["post-47","page","type-page","status-publish","hentry","entry"],"yoast_head":"<!-- This site is optimized with the Yoast SEO plugin v27.3 - https:\/\/yoast.com\/product\/yoast-seo-wordpress\/ -->\n<title>FAQ - Contact - Coquelic&#039;Home<\/title>\n<meta name=\"robots\" content=\"index, follow, max-snippet:-1, max-image-preview:large, max-video-preview:-1\" \/>\n<link rel=\"canonical\" href=\"https:\/\/coquelic-home.fr\/?page_id=47\" \/>\n<meta property=\"og:locale\" content=\"fr_FR\" \/>\n<meta property=\"og:type\" content=\"article\" \/>\n<meta property=\"og:title\" content=\"FAQ - Contact - Coquelic&#039;Home\" \/>\n<meta property=\"og:description\" content=\"Foire Aux Questions Quel est le projet \u00e9ducatif de la micro-cr\u00e8che ? Nous pla\u00e7ons la nature et le jeu libre au c\u0153ur de notre p\u00e9dagogie. Chaque journ\u00e9e est l\u2019occasion pour les enfants d\u2019explorer, d\u2019imaginer et de grandir \u00e0 leur rythme, dans un environnement bienveillant et respectueux de leurs besoins. Nous croyons qu\u2019un enfant \u00e9panoui est [&hellip;]\" \/>\n<meta property=\"og:url\" content=\"https:\/\/coquelic-home.fr\/?page_id=47\" \/>\n<meta property=\"og:site_name\" content=\"Coquelic&#039;Home\" \/>\n<meta property=\"article:modified_time\" content=\"2025-07-25T14:58:52+00:00\" \/>\n<meta name=\"twitter:card\" content=\"summary_large_image\" \/>\n<meta name=\"twitter:label1\" content=\"Dur\u00e9e de lecture estim\u00e9e\" \/>\n\t<meta name=\"twitter:data1\" content=\"3 minutes\" \/>\n<script type=\"application\/ld+json\" class=\"yoast-schema-graph\">{\"@context\":\"https:\\\/\\\/schema.org\",\"@graph\":[{\"@type\":\"WebPage\",\"@id\":\"https:\\\/\\\/coquelic-home.fr\\\/?page_id=47\",\"url\":\"https:\\\/\\\/coquelic-home.fr\\\/?page_id=47\",\"name\":\"FAQ - Contact - Coquelic&#039;Home\",\"isPartOf\":{\"@id\":\"https:\\\/\\\/coquelic-home.fr\\\/#website\"},\"datePublished\":\"2025-07-04T10:30:00+00:00\",\"dateModified\":\"2025-07-25T14:58:52+00:00\",\"breadcrumb\":{\"@id\":\"https:\\\/\\\/coquelic-home.fr\\\/?page_id=47#breadcrumb\"},\"inLanguage\":\"fr-FR\",\"potentialAction\":[{\"@type\":\"ReadAction\",\"target\":[\"https:\\\/\\\/coquelic-home.fr\\\/?page_id=47\"]}]},{\"@type\":\"BreadcrumbList\",\"@id\":\"https:\\\/\\\/coquelic-home.fr\\\/?page_id=47#breadcrumb\",\"itemListElement\":[{\"@type\":\"ListItem\",\"position\":1,\"name\":\"Home\",\"item\":\"https:\\\/\\\/coquelic-home.fr\\\/\"},{\"@type\":\"ListItem\",\"position\":2,\"name\":\"FAQ &#8211; Contact\"}]},{\"@type\":\"WebSite\",\"@id\":\"https:\\\/\\\/coquelic-home.fr\\\/#website\",\"url\":\"https:\\\/\\\/coquelic-home.fr\\\/\",\"name\":\"Coquelic&#039;Home\",\"description\":\"Micro-cr\u00e8che au Naturel\",\"potentialAction\":[{\"@type\":\"SearchAction\",\"target\":{\"@type\":\"EntryPoint\",\"urlTemplate\":\"https:\\\/\\\/coquelic-home.fr\\\/?s={search_term_string}\"},\"query-input\":{\"@type\":\"PropertyValueSpecification\",\"valueRequired\":true,\"valueName\":\"search_term_string\"}}],\"inLanguage\":\"fr-FR\"}]}<\/script>\n<!-- \/ Yoast SEO plugin. -->","yoast_head_json":{"title":"FAQ - Contact - Coquelic&#039;Home","robots":{"index":"index","follow":"follow","max-snippet":"max-snippet:-1","max-image-preview":"max-image-preview:large","max-video-preview":"max-video-preview:-1"},"canonical":"https:\/\/coquelic-home.fr\/?page_id=47","og_locale":"fr_FR","og_type":"article","og_title":"FAQ - Contact - Coquelic&#039;Home","og_description":"Foire Aux Questions Quel est le projet \u00e9ducatif de la micro-cr\u00e8che ? Nous pla\u00e7ons la nature et le jeu libre au c\u0153ur de notre p\u00e9dagogie. Chaque journ\u00e9e est l\u2019occasion pour les enfants d\u2019explorer, d\u2019imaginer et de grandir \u00e0 leur rythme, dans un environnement bienveillant et respectueux de leurs besoins. Nous croyons qu\u2019un enfant \u00e9panoui est [&hellip;]","og_url":"https:\/\/coquelic-home.fr\/?page_id=47","og_site_name":"Coquelic&#039;Home","article_modified_time":"2025-07-25T14:58:52+00:00","twitter_card":"summary_large_image","twitter_misc":{"Dur\u00e9e de lecture estim\u00e9e":"3 minutes"},"schema":{"@context":"https:\/\/schema.org","@graph":[{"@type":"WebPage","@id":"https:\/\/coquelic-home.fr\/?page_id=47","url":"https:\/\/coquelic-home.fr\/?page_id=47","name":"FAQ - Contact - Coquelic&#039;Home","isPartOf":{"@id":"https:\/\/coquelic-home.fr\/#website"},"datePublished":"2025-07-04T10:30:00+00:00","dateModified":"2025-07-25T14:58:52+00:00","breadcrumb":{"@id":"https:\/\/coquelic-home.fr\/?page_id=47#breadcrumb"},"inLanguage":"fr-FR","potentialAction":[{"@type":"ReadAction","target":["https:\/\/coquelic-home.fr\/?page_id=47"]}]},{"@type":"BreadcrumbList","@id":"https:\/\/coquelic-home.fr\/?page_id=47#breadcrumb","itemListElement":[{"@type":"ListItem","position":1,"name":"Home","item":"https:\/\/coquelic-home.fr\/"},{"@type":"ListItem","position":2,"name":"FAQ &#8211; Contact"}]},{"@type":"WebSite","@id":"https:\/\/coquelic-home.fr\/#website","url":"https:\/\/coquelic-home.fr\/","name":"Coquelic&#039;Home","description":"Micro-cr\u00e8che au Naturel","potentialAction":[{"@type":"SearchAction","target":{"@type":"EntryPoint","urlTemplate":"https:\/\/coquelic-home.fr\/?s={search_term_string}"},"query-input":{"@type":"PropertyValueSpecification","valueRequired":true,"valueName":"search_term_string"}}],"inLanguage":"fr-FR"}]}},"_links":{"self":[{"href":"https:\/\/coquelic-home.fr\/index.php?rest_route=\/wp\/v2\/pages\/47","targetHints":{"allow":["GET"]}}],"collection":[{"href":"https:\/\/coquelic-home.fr\/index.php?rest_route=\/wp\/v2\/pages"}],"about":[{"href":"https:\/\/coquelic-home.fr\/index.php?rest_route=\/wp\/v2\/types\/page"}],"author":[{"embeddable":true,"href":"https:\/\/coquelic-home.fr\/index.php?rest_route=\/wp\/v2\/users\/2"}],"replies":[{"embeddable":true,"href":"https:\/\/coquelic-home.fr\/index.php?rest_route=%2Fwp%2Fv2%2Fcomments&post=47"}],"version-history":[{"count":4,"href":"https:\/\/coquelic-home.fr\/index.php?rest_route=\/wp\/v2\/pages\/47\/revisions"}],"predecessor-version":[{"id":168,"href":"https:\/\/coquelic-home.fr\/index.php?rest_route=\/wp\/v2\/pages\/47\/revisions\/168"}],"wp:attachment":[{"href":"https:\/\/coquelic-home.fr\/index.php?rest_route=%2Fwp%2Fv2%2Fmedia&parent=47"}],"curies":[{"name":"wp","href":"https:\/\/api.w.org\/{rel}","templated":true}]}}