{"id":42,"date":"2025-06-30T12:50:44","date_gmt":"2025-06-30T10:50:44","guid":{"rendered":"https:\/\/coquelic-home.fr\/?page_id=42"},"modified":"2025-07-25T15:39:20","modified_gmt":"2025-07-25T13:39:20","slug":"tarifs","status":"publish","type":"page","link":"https:\/\/coquelic-home.fr\/?page_id=42","title":{"rendered":"Tarifs"},"content":{"rendered":"\t\t<div data-elementor-type=\"wp-page\" data-elementor-id=\"42\" class=\"elementor elementor-42\">\n\t\t\t\t<div class=\"elementor-element elementor-element-3a58ed6 e-flex e-con-boxed e-con e-parent\" data-id=\"3a58ed6\" data-element_type=\"container\" data-e-type=\"container\">\n\t\t\t\t\t<div class=\"e-con-inner\">\n\t\t\t\t<div class=\"elementor-element elementor-element-f9c44c1 elementor-widget elementor-widget-text-editor\" data-id=\"f9c44c1\" data-element_type=\"widget\" data-e-type=\"widget\" data-widget_type=\"text-editor.default\">\n\t\t\t\t<div class=\"elementor-widget-container\">\n\t\t\t\t\t\t\t\t\t<p><span style=\"font-weight: 400;\">Les tarifs de notre micro-cr\u00e8che sont <\/span><b>calcul\u00e9s en fonction de vos revenus et du nombre d\u2019enfants \u00e0 charge<\/b><span style=\"font-weight: 400;\">, selon le bar\u00e8me national \u00e9tabli par la CAF dans le cadre du <\/span><b>compl\u00e9ment de libre choix du mode de garde (CMG)<\/b><span style=\"font-weight: 400;\">. Il comprend l\u2019accueil, les repas, les couches et toutes les activit\u00e9s propos\u00e9es aux enfants.<\/span><\/p>\t\t\t\t\t\t\t\t<\/div>\n\t\t\t\t<\/div>\n\t\t\t\t\t<\/div>\n\t\t\t\t<\/div>\n\t\t<div class=\"elementor-element elementor-element-eedae44 e-flex e-con-boxed e-con e-parent\" data-id=\"eedae44\" data-element_type=\"container\" data-e-type=\"container\">\n\t\t\t\t\t<div class=\"e-con-inner\">\n\t\t\t\t<div class=\"elementor-element elementor-element-9b03911 elementor-widget elementor-widget-image\" data-id=\"9b03911\" data-element_type=\"widget\" data-e-type=\"widget\" data-widget_type=\"image.default\">\n\t\t\t\t<div class=\"elementor-widget-container\">\n\t\t\t\t\t\t\t\t\t\t\t\t\t\t\t<img fetchpriority=\"high\" decoding=\"async\" width=\"815\" height=\"469\" src=\"https:\/\/coquelic-home.fr\/wp-content\/uploads\/2025\/07\/Capture-decran-2025-07-25-152808.png\" class=\"attachment-large size-large wp-image-156\" alt=\"\" srcset=\"https:\/\/coquelic-home.fr\/wp-content\/uploads\/2025\/07\/Capture-decran-2025-07-25-152808.png 815w, https:\/\/coquelic-home.fr\/wp-content\/uploads\/2025\/07\/Capture-decran-2025-07-25-152808-300x173.png 300w, https:\/\/coquelic-home.fr\/wp-content\/uploads\/2025\/07\/Capture-decran-2025-07-25-152808-768x442.png 768w\" sizes=\"(max-width: 815px) 100vw, 815px\" \/>\t\t\t\t\t\t\t\t\t\t\t\t\t\t\t<\/div>\n\t\t\t\t<\/div>\n\t\t\t\t\t<\/div>\n\t\t\t\t<\/div>\n\t\t<div class=\"elementor-element elementor-element-14e9168 e-flex e-con-boxed e-con e-parent\" data-id=\"14e9168\" data-element_type=\"container\" data-e-type=\"container\">\n\t\t\t\t\t<div class=\"e-con-inner\">\n\t\t\t\t<div class=\"elementor-element elementor-element-4cca7a1 elementor-widget elementor-widget-text-editor\" data-id=\"4cca7a1\" data-element_type=\"widget\" data-e-type=\"widget\" data-widget_type=\"text-editor.default\">\n\t\t\t\t<div class=\"elementor-widget-container\">\n\t\t\t\t\t\t\t\t\t<p>Tableau des tarifs appliqu\u00e9s \u00e0 la micro-cr\u00e8che.<\/p>\t\t\t\t\t\t\t\t<\/div>\n\t\t\t\t<\/div>\n\t\t\t\t\t<\/div>\n\t\t\t\t<\/div>\n\t\t<div class=\"elementor-element elementor-element-c77fa41 e-flex e-con-boxed e-con e-parent\" data-id=\"c77fa41\" data-element_type=\"container\" data-e-type=\"container\">\n\t\t\t\t\t<div class=\"e-con-inner\">\n\t\t\t\t<div class=\"elementor-element elementor-element-341cc4e elementor-widget elementor-widget-heading\" data-id=\"341cc4e\" data-element_type=\"widget\" data-e-type=\"widget\" data-widget_type=\"heading.default\">\n\t\t\t\t<div class=\"elementor-widget-container\">\n\t\t\t\t\t<h2 class=\"elementor-heading-title elementor-size-default\">Les aides financi\u00e8res<\/h2>\t\t\t\t<\/div>\n\t\t\t\t<\/div>\n\t\t\t\t\t<\/div>\n\t\t\t\t<\/div>\n\t\t<div class=\"elementor-element elementor-element-4dd5a2b e-flex e-con-boxed e-con e-parent\" data-id=\"4dd5a2b\" data-element_type=\"container\" data-e-type=\"container\">\n\t\t\t\t\t<div class=\"e-con-inner\">\n\t\t\t\t<div class=\"elementor-element elementor-element-15e6b2f elementor-widget elementor-widget-text-editor\" data-id=\"15e6b2f\" data-element_type=\"widget\" data-e-type=\"widget\" data-widget_type=\"text-editor.default\">\n\t\t\t\t<div class=\"elementor-widget-container\">\n\t\t\t\t\t\t\t\t\t<p><span style=\"font-weight: 400;\">Le<\/span><b> CMG <\/b><span style=\"font-weight: 400;\">est une aide financi\u00e8re vers\u00e9e par la CAF (ou la MSA) pour aider les familles \u00e0 financer la garde de leur enfant de moins de 6 ans (ou jusqu\u2019\u00e0 12 ans pour les familles monoparentales \u00e0 partir de septembre 2025). Il peut couvrir une partie des frais li\u00e9s, entre autres, \u00e0 l\u2019accueil en <\/span><b>micro-cr\u00e8che<\/b><span style=\"font-weight: 400;\">.<\/span><\/p><p><span style=\"font-weight: 400;\">Le montant de l\u2019aide d\u00e9pend de plusieurs crit\u00e8res : vos revenus, le nombre d\u2019enfants \u00e0 charge, le nombre d\u2019heures de garde par mois et le co\u00fbt horaire de la garde.<\/span><\/p>\t\t\t\t\t\t\t\t<\/div>\n\t\t\t\t<\/div>\n\t\t\t\t\t<\/div>\n\t\t\t\t<\/div>\n\t\t<div class=\"elementor-element elementor-element-ef0e2af e-flex e-con-boxed e-con e-parent\" data-id=\"ef0e2af\" data-element_type=\"container\" data-e-type=\"container\">\n\t\t\t\t\t<div class=\"e-con-inner\">\n\t\t\t\t<div class=\"elementor-element elementor-element-fba2d54 elementor-widget elementor-widget-image\" data-id=\"fba2d54\" data-element_type=\"widget\" data-e-type=\"widget\" data-widget_type=\"image.default\">\n\t\t\t\t<div class=\"elementor-widget-container\">\n\t\t\t\t\t\t\t\t\t\t\t\t\t\t\t<img decoding=\"async\" width=\"768\" height=\"598\" src=\"https:\/\/coquelic-home.fr\/wp-content\/uploads\/2025\/07\/Capture-decran-2025-07-25-153431-768x598.png\" class=\"attachment-medium_large size-medium_large wp-image-157\" alt=\"\" srcset=\"https:\/\/coquelic-home.fr\/wp-content\/uploads\/2025\/07\/Capture-decran-2025-07-25-153431-768x598.png 768w, https:\/\/coquelic-home.fr\/wp-content\/uploads\/2025\/07\/Capture-decran-2025-07-25-153431-300x233.png 300w, https:\/\/coquelic-home.fr\/wp-content\/uploads\/2025\/07\/Capture-decran-2025-07-25-153431.png 924w\" sizes=\"(max-width: 768px) 100vw, 768px\" \/>\t\t\t\t\t\t\t\t\t\t\t\t\t\t\t<\/div>\n\t\t\t\t<\/div>\n\t\t\t\t\t<\/div>\n\t\t\t\t<\/div>\n\t\t<div class=\"elementor-element elementor-element-d4aede1 e-flex e-con-boxed e-con e-parent\" data-id=\"d4aede1\" data-element_type=\"container\" data-e-type=\"container\">\n\t\t\t\t\t<div class=\"e-con-inner\">\n\t\t\t\t<div class=\"elementor-element elementor-element-83ed5d3 elementor-widget elementor-widget-text-editor\" data-id=\"83ed5d3\" data-element_type=\"widget\" data-e-type=\"widget\" data-widget_type=\"text-editor.default\">\n\t\t\t\t<div class=\"elementor-widget-container\">\n\t\t\t\t\t\t\t\t\t<p><strong>Pour en savoir plus sur vos droits au CMG, vous pouvez prendre contact directement avec votre conseiller CAF\/MSA.<\/strong><\/p>\t\t\t\t\t\t\t\t<\/div>\n\t\t\t\t<\/div>\n\t\t\t\t\t<\/div>\n\t\t\t\t<\/div>\n\t\t<div class=\"elementor-element elementor-element-2e08629 e-flex e-con-boxed e-con e-parent\" data-id=\"2e08629\" data-element_type=\"container\" data-e-type=\"container\">\n\t\t\t\t\t<div class=\"e-con-inner\">\n\t\t\t\t<div class=\"elementor-element elementor-element-38524a0 elementor-widget elementor-widget-heading\" data-id=\"38524a0\" data-element_type=\"widget\" data-e-type=\"widget\" data-widget_type=\"heading.default\">\n\t\t\t\t<div class=\"elementor-widget-container\">\n\t\t\t\t\t<h2 class=\"elementor-heading-title elementor-size-default\">Le Cr\u00e9dit d'Imposition<\/h2>\t\t\t\t<\/div>\n\t\t\t\t<\/div>\n\t\t\t\t\t<\/div>\n\t\t\t\t<\/div>\n\t\t<div class=\"elementor-element elementor-element-53c21bf e-flex e-con-boxed e-con e-parent\" data-id=\"53c21bf\" data-element_type=\"container\" data-e-type=\"container\">\n\t\t\t\t\t<div class=\"e-con-inner\">\n\t\t\t\t<div class=\"elementor-element elementor-element-0986359 elementor-widget elementor-widget-text-editor\" data-id=\"0986359\" data-element_type=\"widget\" data-e-type=\"widget\" data-widget_type=\"text-editor.default\">\n\t\t\t\t<div class=\"elementor-widget-container\">\n\t\t\t\t\t\t\t\t\t<p><span style=\"font-weight: 400;\">Les frais de garde en micro-cr\u00e8che ouvrent droit \u00e0 un<\/span><b> cr\u00e9dit d\u2019imp\u00f4t <\/b><span style=\"font-weight: 400;\">\u00e9gal \u00e0 50\u202f% des d\u00e9penses engag\u00e9es, dans la limite de 3\u202f500\u202f\u20ac par enfant gard\u00e9 (soit un cr\u00e9dit d\u2019imp\u00f4t maximum de 1\u202f750\u202f\u20ac par an). Ce cr\u00e9dit concerne les enfants de moins de 6 ans gard\u00e9s hors du domicile, et s\u2019applique apr\u00e8s d\u00e9duction des aides per\u00e7ues (comme le CMG). Il suffit de d\u00e9clarer les montants vers\u00e9s lors de votre d\u00e9claration annuelle de revenus pour en b\u00e9n\u00e9ficier.<\/span><\/p>\t\t\t\t\t\t\t\t<\/div>\n\t\t\t\t<\/div>\n\t\t\t\t\t<\/div>\n\t\t\t\t<\/div>\n\t\t\t\t<\/div>\n\t\t","protected":false},"excerpt":{"rendered":"<p>Les tarifs de notre micro-cr\u00e8che sont calcul\u00e9s en fonction de vos revenus et du nombre d\u2019enfants \u00e0 charge, selon le bar\u00e8me national \u00e9tabli par la CAF dans le cadre du compl\u00e9ment de libre choix du mode de garde (CMG). Il comprend l\u2019accueil, les repas, les couches et toutes les activit\u00e9s propos\u00e9es aux enfants. Tableau des [&hellip;]<\/p>\n","protected":false},"author":2,"featured_media":0,"parent":0,"menu_order":0,"comment_status":"closed","ping_status":"closed","template":"","meta":{"ocean_post_layout":"","ocean_both_sidebars_style":"","ocean_both_sidebars_content_width":0,"ocean_both_sidebars_sidebars_width":0,"ocean_sidebar":"","ocean_second_sidebar":"","ocean_disable_margins":"enable","ocean_add_body_class":"","ocean_shortcode_before_top_bar":"","ocean_shortcode_after_top_bar":"","ocean_shortcode_before_header":"","ocean_shortcode_after_header":"","ocean_has_shortcode":"","ocean_shortcode_after_title":"","ocean_shortcode_before_footer_widgets":"","ocean_shortcode_after_footer_widgets":"","ocean_shortcode_before_footer_bottom":"","ocean_shortcode_after_footer_bottom":"","ocean_display_top_bar":"default","ocean_display_header":"default","ocean_header_style":"","ocean_center_header_left_menu":"","ocean_custom_header_template":"","ocean_custom_logo":0,"ocean_custom_retina_logo":0,"ocean_custom_logo_max_width":0,"ocean_custom_logo_tablet_max_width":0,"ocean_custom_logo_mobile_max_width":0,"ocean_custom_logo_max_height":0,"ocean_custom_logo_tablet_max_height":0,"ocean_custom_logo_mobile_max_height":0,"ocean_header_custom_menu":"","ocean_menu_typo_font_family":"","ocean_menu_typo_font_subset":"","ocean_menu_typo_font_size":0,"ocean_menu_typo_font_size_tablet":0,"ocean_menu_typo_font_size_mobile":0,"ocean_menu_typo_font_size_unit":"px","ocean_menu_typo_font_weight":"","ocean_menu_typo_font_weight_tablet":"","ocean_menu_typo_font_weight_mobile":"","ocean_menu_typo_transform":"","ocean_menu_typo_transform_tablet":"","ocean_menu_typo_transform_mobile":"","ocean_menu_typo_line_height":0,"ocean_menu_typo_line_height_tablet":0,"ocean_menu_typo_line_height_mobile":0,"ocean_menu_typo_line_height_unit":"","ocean_menu_typo_spacing":0,"ocean_menu_typo_spacing_tablet":0,"ocean_menu_typo_spacing_mobile":0,"ocean_menu_typo_spacing_unit":"","ocean_menu_link_color":"","ocean_menu_link_color_hover":"","ocean_menu_link_color_active":"","ocean_menu_link_background":"","ocean_menu_link_hover_background":"","ocean_menu_link_active_background":"","ocean_menu_social_links_bg":"","ocean_menu_social_hover_links_bg":"","ocean_menu_social_links_color":"","ocean_menu_social_hover_links_color":"","ocean_disable_title":"default","ocean_disable_heading":"default","ocean_post_title":"","ocean_post_subheading":"","ocean_post_title_style":"","ocean_post_title_background_color":"","ocean_post_title_background":0,"ocean_post_title_bg_image_position":"","ocean_post_title_bg_image_attachment":"","ocean_post_title_bg_image_repeat":"","ocean_post_title_bg_image_size":"","ocean_post_title_height":0,"ocean_post_title_bg_overlay":0.5,"ocean_post_title_bg_overlay_color":"","ocean_disable_breadcrumbs":"default","ocean_breadcrumbs_color":"","ocean_breadcrumbs_separator_color":"","ocean_breadcrumbs_links_color":"","ocean_breadcrumbs_links_hover_color":"","ocean_display_footer_widgets":"default","ocean_display_footer_bottom":"default","ocean_custom_footer_template":"","footnotes":""},"class_list":["post-42","page","type-page","status-publish","hentry","entry"],"yoast_head":"<!-- This site is optimized with the Yoast SEO plugin v27.3 - https:\/\/yoast.com\/product\/yoast-seo-wordpress\/ -->\n<title>Tarifs - Coquelic&#039;Home<\/title>\n<meta name=\"robots\" content=\"index, follow, max-snippet:-1, max-image-preview:large, max-video-preview:-1\" \/>\n<link rel=\"canonical\" href=\"https:\/\/coquelic-home.fr\/?page_id=42\" \/>\n<meta property=\"og:locale\" content=\"fr_FR\" \/>\n<meta property=\"og:type\" content=\"article\" \/>\n<meta property=\"og:title\" content=\"Tarifs - Coquelic&#039;Home\" \/>\n<meta property=\"og:description\" content=\"Les tarifs de notre micro-cr\u00e8che sont calcul\u00e9s en fonction de vos revenus et du nombre d\u2019enfants \u00e0 charge, selon le bar\u00e8me national \u00e9tabli par la CAF dans le cadre du compl\u00e9ment de libre choix du mode de garde (CMG). Il comprend l\u2019accueil, les repas, les couches et toutes les activit\u00e9s propos\u00e9es aux enfants. Tableau des [&hellip;]\" \/>\n<meta property=\"og:url\" content=\"https:\/\/coquelic-home.fr\/?page_id=42\" \/>\n<meta property=\"og:site_name\" content=\"Coquelic&#039;Home\" \/>\n<meta property=\"article:modified_time\" content=\"2025-07-25T13:39:20+00:00\" \/>\n<meta property=\"og:image\" content=\"https:\/\/coquelic-home.fr\/wp-content\/uploads\/2025\/07\/Capture-decran-2025-07-25-152808.png\" \/>\n\t<meta property=\"og:image:width\" content=\"815\" \/>\n\t<meta property=\"og:image:height\" content=\"469\" \/>\n\t<meta property=\"og:image:type\" content=\"image\/png\" \/>\n<meta name=\"twitter:card\" content=\"summary_large_image\" \/>\n<meta name=\"twitter:label1\" content=\"Dur\u00e9e de lecture estim\u00e9e\" \/>\n\t<meta name=\"twitter:data1\" content=\"2 minutes\" \/>\n<script type=\"application\/ld+json\" class=\"yoast-schema-graph\">{\"@context\":\"https:\\\/\\\/schema.org\",\"@graph\":[{\"@type\":\"WebPage\",\"@id\":\"https:\\\/\\\/coquelic-home.fr\\\/?page_id=42\",\"url\":\"https:\\\/\\\/coquelic-home.fr\\\/?page_id=42\",\"name\":\"Tarifs - Coquelic&#039;Home\",\"isPartOf\":{\"@id\":\"https:\\\/\\\/coquelic-home.fr\\\/#website\"},\"primaryImageOfPage\":{\"@id\":\"https:\\\/\\\/coquelic-home.fr\\\/?page_id=42#primaryimage\"},\"image\":{\"@id\":\"https:\\\/\\\/coquelic-home.fr\\\/?page_id=42#primaryimage\"},\"thumbnailUrl\":\"https:\\\/\\\/coquelic-home.fr\\\/wp-content\\\/uploads\\\/2025\\\/07\\\/Capture-decran-2025-07-25-152808.png\",\"datePublished\":\"2025-06-30T10:50:44+00:00\",\"dateModified\":\"2025-07-25T13:39:20+00:00\",\"breadcrumb\":{\"@id\":\"https:\\\/\\\/coquelic-home.fr\\\/?page_id=42#breadcrumb\"},\"inLanguage\":\"fr-FR\",\"potentialAction\":[{\"@type\":\"ReadAction\",\"target\":[\"https:\\\/\\\/coquelic-home.fr\\\/?page_id=42\"]}]},{\"@type\":\"ImageObject\",\"inLanguage\":\"fr-FR\",\"@id\":\"https:\\\/\\\/coquelic-home.fr\\\/?page_id=42#primaryimage\",\"url\":\"https:\\\/\\\/coquelic-home.fr\\\/wp-content\\\/uploads\\\/2025\\\/07\\\/Capture-decran-2025-07-25-152808.png\",\"contentUrl\":\"https:\\\/\\\/coquelic-home.fr\\\/wp-content\\\/uploads\\\/2025\\\/07\\\/Capture-decran-2025-07-25-152808.png\",\"width\":815,\"height\":469},{\"@type\":\"BreadcrumbList\",\"@id\":\"https:\\\/\\\/coquelic-home.fr\\\/?page_id=42#breadcrumb\",\"itemListElement\":[{\"@type\":\"ListItem\",\"position\":1,\"name\":\"Home\",\"item\":\"https:\\\/\\\/coquelic-home.fr\\\/\"},{\"@type\":\"ListItem\",\"position\":2,\"name\":\"Tarifs\"}]},{\"@type\":\"WebSite\",\"@id\":\"https:\\\/\\\/coquelic-home.fr\\\/#website\",\"url\":\"https:\\\/\\\/coquelic-home.fr\\\/\",\"name\":\"Coquelic&#039;Home\",\"description\":\"Micro-cr\u00e8che au Naturel\",\"potentialAction\":[{\"@type\":\"SearchAction\",\"target\":{\"@type\":\"EntryPoint\",\"urlTemplate\":\"https:\\\/\\\/coquelic-home.fr\\\/?s={search_term_string}\"},\"query-input\":{\"@type\":\"PropertyValueSpecification\",\"valueRequired\":true,\"valueName\":\"search_term_string\"}}],\"inLanguage\":\"fr-FR\"}]}<\/script>\n<!-- \/ Yoast SEO plugin. -->","yoast_head_json":{"title":"Tarifs - Coquelic&#039;Home","robots":{"index":"index","follow":"follow","max-snippet":"max-snippet:-1","max-image-preview":"max-image-preview:large","max-video-preview":"max-video-preview:-1"},"canonical":"https:\/\/coquelic-home.fr\/?page_id=42","og_locale":"fr_FR","og_type":"article","og_title":"Tarifs - Coquelic&#039;Home","og_description":"Les tarifs de notre micro-cr\u00e8che sont calcul\u00e9s en fonction de vos revenus et du nombre d\u2019enfants \u00e0 charge, selon le bar\u00e8me national \u00e9tabli par la CAF dans le cadre du compl\u00e9ment de libre choix du mode de garde (CMG). Il comprend l\u2019accueil, les repas, les couches et toutes les activit\u00e9s propos\u00e9es aux enfants. Tableau des [&hellip;]","og_url":"https:\/\/coquelic-home.fr\/?page_id=42","og_site_name":"Coquelic&#039;Home","article_modified_time":"2025-07-25T13:39:20+00:00","og_image":[{"width":815,"height":469,"url":"https:\/\/coquelic-home.fr\/wp-content\/uploads\/2025\/07\/Capture-decran-2025-07-25-152808.png","type":"image\/png"}],"twitter_card":"summary_large_image","twitter_misc":{"Dur\u00e9e de lecture estim\u00e9e":"2 minutes"},"schema":{"@context":"https:\/\/schema.org","@graph":[{"@type":"WebPage","@id":"https:\/\/coquelic-home.fr\/?page_id=42","url":"https:\/\/coquelic-home.fr\/?page_id=42","name":"Tarifs - Coquelic&#039;Home","isPartOf":{"@id":"https:\/\/coquelic-home.fr\/#website"},"primaryImageOfPage":{"@id":"https:\/\/coquelic-home.fr\/?page_id=42#primaryimage"},"image":{"@id":"https:\/\/coquelic-home.fr\/?page_id=42#primaryimage"},"thumbnailUrl":"https:\/\/coquelic-home.fr\/wp-content\/uploads\/2025\/07\/Capture-decran-2025-07-25-152808.png","datePublished":"2025-06-30T10:50:44+00:00","dateModified":"2025-07-25T13:39:20+00:00","breadcrumb":{"@id":"https:\/\/coquelic-home.fr\/?page_id=42#breadcrumb"},"inLanguage":"fr-FR","potentialAction":[{"@type":"ReadAction","target":["https:\/\/coquelic-home.fr\/?page_id=42"]}]},{"@type":"ImageObject","inLanguage":"fr-FR","@id":"https:\/\/coquelic-home.fr\/?page_id=42#primaryimage","url":"https:\/\/coquelic-home.fr\/wp-content\/uploads\/2025\/07\/Capture-decran-2025-07-25-152808.png","contentUrl":"https:\/\/coquelic-home.fr\/wp-content\/uploads\/2025\/07\/Capture-decran-2025-07-25-152808.png","width":815,"height":469},{"@type":"BreadcrumbList","@id":"https:\/\/coquelic-home.fr\/?page_id=42#breadcrumb","itemListElement":[{"@type":"ListItem","position":1,"name":"Home","item":"https:\/\/coquelic-home.fr\/"},{"@type":"ListItem","position":2,"name":"Tarifs"}]},{"@type":"WebSite","@id":"https:\/\/coquelic-home.fr\/#website","url":"https:\/\/coquelic-home.fr\/","name":"Coquelic&#039;Home","description":"Micro-cr\u00e8che au Naturel","potentialAction":[{"@type":"SearchAction","target":{"@type":"EntryPoint","urlTemplate":"https:\/\/coquelic-home.fr\/?s={search_term_string}"},"query-input":{"@type":"PropertyValueSpecification","valueRequired":true,"valueName":"search_term_string"}}],"inLanguage":"fr-FR"}]}},"_links":{"self":[{"href":"https:\/\/coquelic-home.fr\/index.php?rest_route=\/wp\/v2\/pages\/42","targetHints":{"allow":["GET"]}}],"collection":[{"href":"https:\/\/coquelic-home.fr\/index.php?rest_route=\/wp\/v2\/pages"}],"about":[{"href":"https:\/\/coquelic-home.fr\/index.php?rest_route=\/wp\/v2\/types\/page"}],"author":[{"embeddable":true,"href":"https:\/\/coquelic-home.fr\/index.php?rest_route=\/wp\/v2\/users\/2"}],"replies":[{"embeddable":true,"href":"https:\/\/coquelic-home.fr\/index.php?rest_route=%2Fwp%2Fv2%2Fcomments&post=42"}],"version-history":[{"count":4,"href":"https:\/\/coquelic-home.fr\/index.php?rest_route=\/wp\/v2\/pages\/42\/revisions"}],"predecessor-version":[{"id":160,"href":"https:\/\/coquelic-home.fr\/index.php?rest_route=\/wp\/v2\/pages\/42\/revisions\/160"}],"wp:attachment":[{"href":"https:\/\/coquelic-home.fr\/index.php?rest_route=%2Fwp%2Fv2%2Fmedia&parent=42"}],"curies":[{"name":"wp","href":"https:\/\/api.w.org\/{rel}","templated":true}]}}