{"id":40,"date":"2025-06-30T12:50:20","date_gmt":"2025-06-30T10:50:20","guid":{"rendered":"https:\/\/coquelic-home.fr\/?page_id=40"},"modified":"2025-10-01T15:00:29","modified_gmt":"2025-10-01T13:00:29","slug":"informations-pratiques","status":"publish","type":"page","link":"https:\/\/coquelic-home.fr\/?page_id=40","title":{"rendered":"Informations pratiques"},"content":{"rendered":"\t\t<div data-elementor-type=\"wp-page\" data-elementor-id=\"40\" class=\"elementor elementor-40\">\n\t\t\t\t<div class=\"elementor-element elementor-element-151c59c e-flex e-con-boxed e-con e-parent\" data-id=\"151c59c\" data-element_type=\"container\" data-e-type=\"container\">\n\t\t\t\t\t<div class=\"e-con-inner\">\n\t\t\t\t<div class=\"elementor-element elementor-element-b7c2fe1 elementor-widget elementor-widget-text-editor\" data-id=\"b7c2fe1\" data-element_type=\"widget\" data-e-type=\"widget\" data-widget_type=\"text-editor.default\">\n\t\t\t\t<div class=\"elementor-widget-container\">\n\t\t\t\t\t\t\t\t\t<p><span style=\"font-weight: 400;\">Notre micro-cr\u00e8che accueille les enfants <strong>\u00e2g\u00e9s de 10 semaines \u00e0 3 ans r\u00e9volus<\/strong> (jusqu\u2019\u00e0 l\u2019entr\u00e9e \u00e0 l\u2019\u00e9cole).<\/span><\/p><p><span style=\"font-weight: 400;\">Nous disposons de <strong>12 places<\/strong> afin d\u2019offrir un accompagnement personnalis\u00e9 et attentif \u00e0 chaque enfant.<\/span><\/p>\t\t\t\t\t\t\t\t<\/div>\n\t\t\t\t<\/div>\n\t\t\t\t\t<\/div>\n\t\t\t\t<\/div>\n\t\t<div class=\"elementor-element elementor-element-5530c6d e-flex e-con-boxed e-con e-parent\" data-id=\"5530c6d\" data-element_type=\"container\" data-e-type=\"container\">\n\t\t\t\t\t<div class=\"e-con-inner\">\n\t\t\t\t<div class=\"elementor-element elementor-element-bb9468c elementor-widget elementor-widget-google_maps\" data-id=\"bb9468c\" data-element_type=\"widget\" data-e-type=\"widget\" data-widget_type=\"google_maps.default\">\n\t\t\t\t<div class=\"elementor-widget-container\">\n\t\t\t\t\t\t\t<div class=\"elementor-custom-embed\">\n\t\t\t<iframe loading=\"lazy\"\n\t\t\t\t\tsrc=\"https:\/\/maps.google.com\/maps?q=2%20rue%20Bugale%20Bihan%2022260%20PLOU%C3%8BC%20DU%20TRIEUX&#038;t=m&#038;z=14&#038;output=embed&#038;iwloc=near\"\n\t\t\t\t\ttitle=\"2 rue Bugale Bihan 22260 PLOU\u00cbC DU TRIEUX\"\n\t\t\t\t\taria-label=\"2 rue Bugale Bihan 22260 PLOU\u00cbC DU TRIEUX\"\n\t\t\t><\/iframe>\n\t\t<\/div>\n\t\t\t\t\t\t<\/div>\n\t\t\t\t<\/div>\n\t\t\t\t\t<\/div>\n\t\t\t\t<\/div>\n\t\t<div class=\"elementor-element elementor-element-1366029 e-flex e-con-boxed e-con e-parent\" data-id=\"1366029\" data-element_type=\"container\" data-e-type=\"container\">\n\t\t\t\t\t<div class=\"e-con-inner\">\n\t\t\t\t<div class=\"elementor-element elementor-element-e679ec4 elementor-widget elementor-widget-text-editor\" data-id=\"e679ec4\" data-element_type=\"widget\" data-e-type=\"widget\" data-widget_type=\"text-editor.default\">\n\t\t\t\t<div class=\"elementor-widget-container\">\n\t\t\t\t\t\t\t\t\t<p><b>Horaires d\u2019ouverture<\/b><span style=\"font-weight: 400;\"> : du lundi au vendredi, de <\/span><b>7h30 \u00e0 18h30<\/b><\/p><p>\u00a0<\/p><p><b>Fermeture annuelle<\/b><span style=\"font-weight: 400;\"> : <strong>4 semaines par an<\/strong> &#8211; les trois derni\u00e8res semaines d\u2019ao\u00fbt, une semaine entre No\u00eb<\/span><span style=\"font-weight: 400;\">l et Nouvel An.<\/span><\/p><p><span style=\"font-weight: 400;\">La structure est \u00e9galement ferm\u00e9e <strong>trois journ\u00e9es par an<\/strong> pour permettre \u00e0 l\u2019\u00e9quipe d&rsquo;organiser des journ\u00e9es p\u00e9dagogiques.<\/span><\/p><p>\u00a0<\/p><p><b>Adresse<\/b><span style=\"font-weight: 400;\"> : 2 rue Bugale Bihan, 22260 PLOU\u00cbC DU TRIEUX<\/span><\/p><p>\u00a0<\/p><p><b>Acc\u00e8s<\/b><span style=\"font-weight: 400;\"> : Parking \u00e0 proximit\u00e9, acc\u00e8s poussette facilit\u00e9.<\/span><\/p>\t\t\t\t\t\t\t\t<\/div>\n\t\t\t\t<\/div>\n\t\t\t\t\t<\/div>\n\t\t\t\t<\/div>\n\t\t<div class=\"elementor-element elementor-element-fd03be8 e-flex e-con-boxed e-con e-parent\" data-id=\"fd03be8\" data-element_type=\"container\" data-e-type=\"container\">\n\t\t\t\t\t<div class=\"e-con-inner\">\n\t\t\t\t<div class=\"elementor-element elementor-element-a754caf elementor-widget elementor-widget-text-editor\" data-id=\"a754caf\" data-element_type=\"widget\" data-e-type=\"widget\" data-widget_type=\"text-editor.default\">\n\t\t\t\t<div class=\"elementor-widget-container\">\n\t\t\t\t\t\t\t\t\t<p><span style=\"font-weight: 400;\">Pour toute question ou visite, vous pouvez nous contacter via l&rsquo;onglet\u00a0<\/span><\/p>\t\t\t\t\t\t\t\t<\/div>\n\t\t\t\t<\/div>\n\t\t\t\t\t<\/div>\n\t\t\t\t<\/div>\n\t\t<div class=\"elementor-element elementor-element-1944790 e-flex e-con-boxed e-con e-parent\" data-id=\"1944790\" data-element_type=\"container\" data-e-type=\"container\">\n\t\t\t\t\t<div class=\"e-con-inner\">\n\t\t\t\t<div class=\"elementor-element elementor-element-508e9da elementor-align-center elementor-widget elementor-widget-button\" data-id=\"508e9da\" data-element_type=\"widget\" data-e-type=\"widget\" data-widget_type=\"button.default\">\n\t\t\t\t<div class=\"elementor-widget-container\">\n\t\t\t\t\t\t\t\t\t<div class=\"elementor-button-wrapper\">\n\t\t\t\t\t<a class=\"elementor-button elementor-button-link elementor-size-sm\" href=\"\">\n\t\t\t\t\t\t<span class=\"elementor-button-content-wrapper\">\n\t\t\t\t\t\t<span class=\"elementor-button-icon\">\n\t\t\t\t<svg aria-hidden=\"true\" class=\"e-font-icon-svg e-fas-mouse-pointer\" viewBox=\"0 0 320 512\" xmlns=\"http:\/\/www.w3.org\/2000\/svg\"><path d=\"M302.189 329.126H196.105l55.831 135.993c3.889 9.428-.555 19.999-9.444 23.999l-49.165 21.427c-9.165 4-19.443-.571-23.332-9.714l-53.053-129.136-86.664 89.138C18.729 472.71 0 463.554 0 447.977V18.299C0 1.899 19.921-6.096 30.277 5.443l284.412 292.542c11.472 11.179 3.007 31.141-12.5 31.141z\"><\/path><\/svg>\t\t\t<\/span>\n\t\t\t\t\t\t\t\t\t<span class=\"elementor-button-text\">CONTACT<\/span>\n\t\t\t\t\t<\/span>\n\t\t\t\t\t<\/a>\n\t\t\t\t<\/div>\n\t\t\t\t\t\t\t\t<\/div>\n\t\t\t\t<\/div>\n\t\t\t\t\t<\/div>\n\t\t\t\t<\/div>\n\t\t\t\t<\/div>\n\t\t","protected":false},"excerpt":{"rendered":"<p>Notre micro-cr\u00e8che accueille les enfants \u00e2g\u00e9s de 10 semaines \u00e0 3 ans r\u00e9volus (jusqu\u2019\u00e0 l\u2019entr\u00e9e \u00e0 l\u2019\u00e9cole). Nous disposons de 12 places afin d\u2019offrir un accompagnement personnalis\u00e9 et attentif \u00e0 chaque enfant. Horaires d\u2019ouverture : du lundi au vendredi, de 7h30 \u00e0 18h30 \u00a0 Fermeture annuelle : 4 semaines par an &#8211; les trois derni\u00e8res [&hellip;]<\/p>\n","protected":false},"author":2,"featured_media":0,"parent":0,"menu_order":0,"comment_status":"closed","ping_status":"closed","template":"","meta":{"ocean_post_layout":"","ocean_both_sidebars_style":"","ocean_both_sidebars_content_width":0,"ocean_both_sidebars_sidebars_width":0,"ocean_sidebar":"","ocean_second_sidebar":"","ocean_disable_margins":"enable","ocean_add_body_class":"","ocean_shortcode_before_top_bar":"","ocean_shortcode_after_top_bar":"","ocean_shortcode_before_header":"","ocean_shortcode_after_header":"","ocean_has_shortcode":"","ocean_shortcode_after_title":"","ocean_shortcode_before_footer_widgets":"","ocean_shortcode_after_footer_widgets":"","ocean_shortcode_before_footer_bottom":"","ocean_shortcode_after_footer_bottom":"","ocean_display_top_bar":"default","ocean_display_header":"default","ocean_header_style":"","ocean_center_header_left_menu":"","ocean_custom_header_template":"","ocean_custom_logo":0,"ocean_custom_retina_logo":0,"ocean_custom_logo_max_width":0,"ocean_custom_logo_tablet_max_width":0,"ocean_custom_logo_mobile_max_width":0,"ocean_custom_logo_max_height":0,"ocean_custom_logo_tablet_max_height":0,"ocean_custom_logo_mobile_max_height":0,"ocean_header_custom_menu":"","ocean_menu_typo_font_family":"","ocean_menu_typo_font_subset":"","ocean_menu_typo_font_size":0,"ocean_menu_typo_font_size_tablet":0,"ocean_menu_typo_font_size_mobile":0,"ocean_menu_typo_font_size_unit":"px","ocean_menu_typo_font_weight":"","ocean_menu_typo_font_weight_tablet":"","ocean_menu_typo_font_weight_mobile":"","ocean_menu_typo_transform":"","ocean_menu_typo_transform_tablet":"","ocean_menu_typo_transform_mobile":"","ocean_menu_typo_line_height":0,"ocean_menu_typo_line_height_tablet":0,"ocean_menu_typo_line_height_mobile":0,"ocean_menu_typo_line_height_unit":"","ocean_menu_typo_spacing":0,"ocean_menu_typo_spacing_tablet":0,"ocean_menu_typo_spacing_mobile":0,"ocean_menu_typo_spacing_unit":"","ocean_menu_link_color":"","ocean_menu_link_color_hover":"","ocean_menu_link_color_active":"","ocean_menu_link_background":"","ocean_menu_link_hover_background":"","ocean_menu_link_active_background":"","ocean_menu_social_links_bg":"","ocean_menu_social_hover_links_bg":"","ocean_menu_social_links_color":"","ocean_menu_social_hover_links_color":"","ocean_disable_title":"default","ocean_disable_heading":"default","ocean_post_title":"","ocean_post_subheading":"","ocean_post_title_style":"","ocean_post_title_background_color":"","ocean_post_title_background":0,"ocean_post_title_bg_image_position":"","ocean_post_title_bg_image_attachment":"","ocean_post_title_bg_image_repeat":"","ocean_post_title_bg_image_size":"","ocean_post_title_height":0,"ocean_post_title_bg_overlay":0.5,"ocean_post_title_bg_overlay_color":"","ocean_disable_breadcrumbs":"default","ocean_breadcrumbs_color":"","ocean_breadcrumbs_separator_color":"","ocean_breadcrumbs_links_color":"","ocean_breadcrumbs_links_hover_color":"","ocean_display_footer_widgets":"default","ocean_display_footer_bottom":"default","ocean_custom_footer_template":"","footnotes":""},"class_list":["post-40","page","type-page","status-publish","hentry","entry"],"yoast_head":"<!-- This site is optimized with the Yoast SEO plugin v27.3 - https:\/\/yoast.com\/product\/yoast-seo-wordpress\/ -->\n<title>Informations pratiques - Coquelic&#039;Home<\/title>\n<meta name=\"robots\" content=\"index, follow, max-snippet:-1, max-image-preview:large, max-video-preview:-1\" \/>\n<link rel=\"canonical\" href=\"https:\/\/coquelic-home.fr\/?page_id=40\" \/>\n<meta property=\"og:locale\" content=\"fr_FR\" \/>\n<meta property=\"og:type\" content=\"article\" \/>\n<meta property=\"og:title\" content=\"Informations pratiques - Coquelic&#039;Home\" \/>\n<meta property=\"og:description\" content=\"Notre micro-cr\u00e8che accueille les enfants \u00e2g\u00e9s de 10 semaines \u00e0 3 ans r\u00e9volus (jusqu\u2019\u00e0 l\u2019entr\u00e9e \u00e0 l\u2019\u00e9cole). Nous disposons de 12 places afin d\u2019offrir un accompagnement personnalis\u00e9 et attentif \u00e0 chaque enfant. Horaires d\u2019ouverture : du lundi au vendredi, de 7h30 \u00e0 18h30 \u00a0 Fermeture annuelle : 4 semaines par an &#8211; les trois derni\u00e8res [&hellip;]\" \/>\n<meta property=\"og:url\" content=\"https:\/\/coquelic-home.fr\/?page_id=40\" \/>\n<meta property=\"og:site_name\" content=\"Coquelic&#039;Home\" \/>\n<meta property=\"article:modified_time\" content=\"2025-10-01T13:00:29+00:00\" \/>\n<meta name=\"twitter:card\" content=\"summary_large_image\" \/>\n<meta name=\"twitter:label1\" content=\"Dur\u00e9e de lecture estim\u00e9e\" \/>\n\t<meta name=\"twitter:data1\" content=\"1 minute\" \/>\n<script type=\"application\/ld+json\" class=\"yoast-schema-graph\">{\"@context\":\"https:\\\/\\\/schema.org\",\"@graph\":[{\"@type\":\"WebPage\",\"@id\":\"https:\\\/\\\/coquelic-home.fr\\\/?page_id=40\",\"url\":\"https:\\\/\\\/coquelic-home.fr\\\/?page_id=40\",\"name\":\"Informations pratiques - Coquelic&#039;Home\",\"isPartOf\":{\"@id\":\"https:\\\/\\\/coquelic-home.fr\\\/#website\"},\"datePublished\":\"2025-06-30T10:50:20+00:00\",\"dateModified\":\"2025-10-01T13:00:29+00:00\",\"breadcrumb\":{\"@id\":\"https:\\\/\\\/coquelic-home.fr\\\/?page_id=40#breadcrumb\"},\"inLanguage\":\"fr-FR\",\"potentialAction\":[{\"@type\":\"ReadAction\",\"target\":[\"https:\\\/\\\/coquelic-home.fr\\\/?page_id=40\"]}]},{\"@type\":\"BreadcrumbList\",\"@id\":\"https:\\\/\\\/coquelic-home.fr\\\/?page_id=40#breadcrumb\",\"itemListElement\":[{\"@type\":\"ListItem\",\"position\":1,\"name\":\"Home\",\"item\":\"https:\\\/\\\/coquelic-home.fr\\\/\"},{\"@type\":\"ListItem\",\"position\":2,\"name\":\"Informations pratiques\"}]},{\"@type\":\"WebSite\",\"@id\":\"https:\\\/\\\/coquelic-home.fr\\\/#website\",\"url\":\"https:\\\/\\\/coquelic-home.fr\\\/\",\"name\":\"Coquelic&#039;Home\",\"description\":\"Micro-cr\u00e8che au Naturel\",\"potentialAction\":[{\"@type\":\"SearchAction\",\"target\":{\"@type\":\"EntryPoint\",\"urlTemplate\":\"https:\\\/\\\/coquelic-home.fr\\\/?s={search_term_string}\"},\"query-input\":{\"@type\":\"PropertyValueSpecification\",\"valueRequired\":true,\"valueName\":\"search_term_string\"}}],\"inLanguage\":\"fr-FR\"}]}<\/script>\n<!-- \/ Yoast SEO plugin. -->","yoast_head_json":{"title":"Informations pratiques - Coquelic&#039;Home","robots":{"index":"index","follow":"follow","max-snippet":"max-snippet:-1","max-image-preview":"max-image-preview:large","max-video-preview":"max-video-preview:-1"},"canonical":"https:\/\/coquelic-home.fr\/?page_id=40","og_locale":"fr_FR","og_type":"article","og_title":"Informations pratiques - Coquelic&#039;Home","og_description":"Notre micro-cr\u00e8che accueille les enfants \u00e2g\u00e9s de 10 semaines \u00e0 3 ans r\u00e9volus (jusqu\u2019\u00e0 l\u2019entr\u00e9e \u00e0 l\u2019\u00e9cole). Nous disposons de 12 places afin d\u2019offrir un accompagnement personnalis\u00e9 et attentif \u00e0 chaque enfant. Horaires d\u2019ouverture : du lundi au vendredi, de 7h30 \u00e0 18h30 \u00a0 Fermeture annuelle : 4 semaines par an &#8211; les trois derni\u00e8res [&hellip;]","og_url":"https:\/\/coquelic-home.fr\/?page_id=40","og_site_name":"Coquelic&#039;Home","article_modified_time":"2025-10-01T13:00:29+00:00","twitter_card":"summary_large_image","twitter_misc":{"Dur\u00e9e de lecture estim\u00e9e":"1 minute"},"schema":{"@context":"https:\/\/schema.org","@graph":[{"@type":"WebPage","@id":"https:\/\/coquelic-home.fr\/?page_id=40","url":"https:\/\/coquelic-home.fr\/?page_id=40","name":"Informations pratiques - Coquelic&#039;Home","isPartOf":{"@id":"https:\/\/coquelic-home.fr\/#website"},"datePublished":"2025-06-30T10:50:20+00:00","dateModified":"2025-10-01T13:00:29+00:00","breadcrumb":{"@id":"https:\/\/coquelic-home.fr\/?page_id=40#breadcrumb"},"inLanguage":"fr-FR","potentialAction":[{"@type":"ReadAction","target":["https:\/\/coquelic-home.fr\/?page_id=40"]}]},{"@type":"BreadcrumbList","@id":"https:\/\/coquelic-home.fr\/?page_id=40#breadcrumb","itemListElement":[{"@type":"ListItem","position":1,"name":"Home","item":"https:\/\/coquelic-home.fr\/"},{"@type":"ListItem","position":2,"name":"Informations pratiques"}]},{"@type":"WebSite","@id":"https:\/\/coquelic-home.fr\/#website","url":"https:\/\/coquelic-home.fr\/","name":"Coquelic&#039;Home","description":"Micro-cr\u00e8che au Naturel","potentialAction":[{"@type":"SearchAction","target":{"@type":"EntryPoint","urlTemplate":"https:\/\/coquelic-home.fr\/?s={search_term_string}"},"query-input":{"@type":"PropertyValueSpecification","valueRequired":true,"valueName":"search_term_string"}}],"inLanguage":"fr-FR"}]}},"_links":{"self":[{"href":"https:\/\/coquelic-home.fr\/index.php?rest_route=\/wp\/v2\/pages\/40","targetHints":{"allow":["GET"]}}],"collection":[{"href":"https:\/\/coquelic-home.fr\/index.php?rest_route=\/wp\/v2\/pages"}],"about":[{"href":"https:\/\/coquelic-home.fr\/index.php?rest_route=\/wp\/v2\/types\/page"}],"author":[{"embeddable":true,"href":"https:\/\/coquelic-home.fr\/index.php?rest_route=\/wp\/v2\/users\/2"}],"replies":[{"embeddable":true,"href":"https:\/\/coquelic-home.fr\/index.php?rest_route=%2Fwp%2Fv2%2Fcomments&post=40"}],"version-history":[{"count":7,"href":"https:\/\/coquelic-home.fr\/index.php?rest_route=\/wp\/v2\/pages\/40\/revisions"}],"predecessor-version":[{"id":189,"href":"https:\/\/coquelic-home.fr\/index.php?rest_route=\/wp\/v2\/pages\/40\/revisions\/189"}],"wp:attachment":[{"href":"https:\/\/coquelic-home.fr\/index.php?rest_route=%2Fwp%2Fv2%2Fmedia&parent=40"}],"curies":[{"name":"wp","href":"https:\/\/api.w.org\/{rel}","templated":true}]}}