{"id":32,"date":"2025-06-30T12:48:26","date_gmt":"2025-06-30T10:48:26","guid":{"rendered":"https:\/\/coquelic-home.fr\/?page_id=32"},"modified":"2025-10-01T15:04:43","modified_gmt":"2025-10-01T13:04:43","slug":"micro-creche","status":"publish","type":"page","link":"https:\/\/coquelic-home.fr\/","title":{"rendered":"Accueil"},"content":{"rendered":"\t\t<div data-elementor-type=\"wp-page\" data-elementor-id=\"32\" class=\"elementor elementor-32\">\n\t\t\t\t<div class=\"elementor-element elementor-element-c376ed7 e-flex e-con-boxed e-con e-parent\" data-id=\"c376ed7\" data-element_type=\"container\" data-e-type=\"container\">\n\t\t\t\t\t<div class=\"e-con-inner\">\n\t\t\t\t<div class=\"elementor-element elementor-element-7f5bd5c elementor-widget elementor-widget-heading\" data-id=\"7f5bd5c\" data-element_type=\"widget\" data-e-type=\"widget\" data-widget_type=\"heading.default\">\n\t\t\t\t<div class=\"elementor-widget-container\">\n\t\t\t\t\t<h2 class=\"elementor-heading-title elementor-size-default\">Bienvenue chez Coquelic'Home,<\/h2>\t\t\t\t<\/div>\n\t\t\t\t<\/div>\n\t\t\t\t\t<\/div>\n\t\t\t\t<\/div>\n\t\t<div class=\"elementor-element elementor-element-f480889 e-flex e-con-boxed e-con e-parent\" data-id=\"f480889\" data-element_type=\"container\" data-e-type=\"container\">\n\t\t\t\t\t<div class=\"e-con-inner\">\n\t\t\t\t<div class=\"elementor-element elementor-element-c8fd8fe elementor-widget elementor-widget-text-editor\" data-id=\"c8fd8fe\" data-element_type=\"widget\" data-e-type=\"widget\" data-widget_type=\"text-editor.default\">\n\t\t\t\t<div class=\"elementor-widget-container\">\n\t\t\t\t\t\t\t\t\t<p>une micro-cr\u00e8che pens\u00e9e comme un cocon bienveillant pour les tout-petits et leurs familles.<\/p>\t\t\t\t\t\t\t\t<\/div>\n\t\t\t\t<\/div>\n\t\t\t\t\t<\/div>\n\t\t\t\t<\/div>\n\t\t<div class=\"elementor-element elementor-element-67e13a8 e-grid e-con-boxed e-con e-parent\" data-id=\"67e13a8\" data-element_type=\"container\" data-e-type=\"container\">\n\t\t\t\t\t<div class=\"e-con-inner\">\n\t\t\t\t<div class=\"elementor-element elementor-element-10df0ce elementor-widget elementor-widget-image\" data-id=\"10df0ce\" data-element_type=\"widget\" data-e-type=\"widget\" data-widget_type=\"image.default\">\n\t\t\t\t<div class=\"elementor-widget-container\">\n\t\t\t\t\t\t\t\t\t\t\t\t\t\t\t<img fetchpriority=\"high\" decoding=\"async\" width=\"768\" height=\"384\" src=\"https:\/\/coquelic-home.fr\/wp-content\/uploads\/2025\/07\/a-768x384.png\" class=\"attachment-medium_large size-medium_large wp-image-69\" alt=\"\" srcset=\"https:\/\/coquelic-home.fr\/wp-content\/uploads\/2025\/07\/a-768x384.png 768w, https:\/\/coquelic-home.fr\/wp-content\/uploads\/2025\/07\/a-300x150.png 300w, https:\/\/coquelic-home.fr\/wp-content\/uploads\/2025\/07\/a-1024x512.png 1024w, https:\/\/coquelic-home.fr\/wp-content\/uploads\/2025\/07\/a.png 1417w\" sizes=\"(max-width: 768px) 100vw, 768px\" \/>\t\t\t\t\t\t\t\t\t\t\t\t\t\t\t<\/div>\n\t\t\t\t<\/div>\n\t\t\t\t<div class=\"elementor-element elementor-element-08079a9 elementor-widget elementor-widget-text-editor\" data-id=\"08079a9\" data-element_type=\"widget\" data-e-type=\"widget\" data-widget_type=\"text-editor.default\">\n\t\t\t\t<div class=\"elementor-widget-container\">\n\t\t\t\t\t\t\t\t\t<p>Notre \u00e9quipe accompagne chaque enfant avec bienveillance, dans le respect de son rythme et de son individualit\u00e9,<\/p><p>au sein d&rsquo;un environnement riche en d\u00e9couvertes et au contact de la nature.<\/p><p>Ici, l&rsquo;\u00e9panouissement passe par la confiance, le dialogue et le plaisir d&rsquo;apprendre ensemble.<\/p>\t\t\t\t\t\t\t\t<\/div>\n\t\t\t\t<\/div>\n\t\t\t\t\t<\/div>\n\t\t\t\t<\/div>\n\t\t<div class=\"elementor-element elementor-element-af1567b e-flex e-con-boxed e-con e-parent\" data-id=\"af1567b\" data-element_type=\"container\" data-e-type=\"container\">\n\t\t\t\t\t<div class=\"e-con-inner\">\n\t\t\t\t<div class=\"elementor-element elementor-element-41fb9e4 elementor-widget elementor-widget-testimonial\" data-id=\"41fb9e4\" data-element_type=\"widget\" data-e-type=\"widget\" data-widget_type=\"testimonial.default\">\n\t\t\t\t<div class=\"elementor-widget-container\">\n\t\t\t\t\t\t\t<div class=\"elementor-testimonial-wrapper\">\n\t\t\t\t\t\t\t<div class=\"elementor-testimonial-content\">\"C'est avec une immense joie que je vous accueille chez Coquelic'Home. Chaque jour, nous avons \u00e0 c\u0153ur de cr\u00e9er un lieu vivant, serein et stimulant, o\u00f9 les enfants se sentent en s\u00e9curit\u00e9 et les familles \u00e9cout\u00e9es. Notre engagement est de vous accompagner avec bienveillance, \u00e9coute et respect, d\u00e8s les premiers pas de votre enfant dans la vie en collectivit\u00e9. Merci de nous confier ce r\u00f4le pr\u00e9cieux.\"<\/div>\n\t\t\t\n\t\t\t\t\t\t<div class=\"elementor-testimonial-meta elementor-has-image elementor-testimonial-image-position-aside\">\n\t\t\t\t<div class=\"elementor-testimonial-meta-inner\">\n\t\t\t\t\t\t\t\t\t\t\t<div class=\"elementor-testimonial-image\">\n\t\t\t\t\t\t\t<img decoding=\"async\" width=\"1080\" height=\"1080\" src=\"https:\/\/coquelic-home.fr\/wp-content\/uploads\/2025\/07\/1.png\" class=\"attachment-full size-full wp-image-149\" alt=\"\" srcset=\"https:\/\/coquelic-home.fr\/wp-content\/uploads\/2025\/07\/1.png 1080w, https:\/\/coquelic-home.fr\/wp-content\/uploads\/2025\/07\/1-300x300.png 300w, https:\/\/coquelic-home.fr\/wp-content\/uploads\/2025\/07\/1-1024x1024.png 1024w, https:\/\/coquelic-home.fr\/wp-content\/uploads\/2025\/07\/1-150x150.png 150w, https:\/\/coquelic-home.fr\/wp-content\/uploads\/2025\/07\/1-768x768.png 768w, https:\/\/coquelic-home.fr\/wp-content\/uploads\/2025\/07\/1-600x600.png 600w\" sizes=\"(max-width: 1080px) 100vw, 1080px\" \/>\t\t\t\t\t\t<\/div>\n\t\t\t\t\t\n\t\t\t\t\t\t\t\t\t\t<div class=\"elementor-testimonial-details\">\n\t\t\t\t\t\t\t\t\t\t\t\t\t\t<div class=\"elementor-testimonial-name\">Blandine THIERIET<\/div>\n\t\t\t\t\t\t\t\t\t\t\t\t\t\t\t\t\t\t\t\t\t\t<div class=\"elementor-testimonial-job\">Gestionnaire<\/div>\n\t\t\t\t\t\t\t\t\t\t\t\t\t<\/div>\n\t\t\t\t\t\t\t\t\t<\/div>\n\t\t\t<\/div>\n\t\t\t\t\t<\/div>\n\t\t\t\t\t\t<\/div>\n\t\t\t\t<\/div>\n\t\t\t\t\t<\/div>\n\t\t\t\t<\/div>\n\t\t\t\t<\/div>\n\t\t","protected":false},"excerpt":{"rendered":"<p>Bienvenue chez Coquelic&rsquo;Home, une micro-cr\u00e8che pens\u00e9e comme un cocon bienveillant pour les tout-petits et leurs familles. Notre \u00e9quipe accompagne chaque enfant avec bienveillance, dans le respect de son rythme et de son individualit\u00e9, au sein d&rsquo;un environnement riche en d\u00e9couvertes et au contact de la nature. Ici, l&rsquo;\u00e9panouissement passe par la confiance, le dialogue et [&hellip;]<\/p>\n","protected":false},"author":2,"featured_media":0,"parent":0,"menu_order":0,"comment_status":"closed","ping_status":"closed","template":"","meta":{"ocean_post_layout":"","ocean_both_sidebars_style":"","ocean_both_sidebars_content_width":0,"ocean_both_sidebars_sidebars_width":0,"ocean_sidebar":"","ocean_second_sidebar":"","ocean_disable_margins":"enable","ocean_add_body_class":"","ocean_shortcode_before_top_bar":"","ocean_shortcode_after_top_bar":"","ocean_shortcode_before_header":"","ocean_shortcode_after_header":"","ocean_has_shortcode":"","ocean_shortcode_after_title":"","ocean_shortcode_before_footer_widgets":"","ocean_shortcode_after_footer_widgets":"","ocean_shortcode_before_footer_bottom":"","ocean_shortcode_after_footer_bottom":"","ocean_display_top_bar":"default","ocean_display_header":"default","ocean_header_style":"","ocean_center_header_left_menu":"","ocean_custom_header_template":"","ocean_custom_logo":0,"ocean_custom_retina_logo":0,"ocean_custom_logo_max_width":0,"ocean_custom_logo_tablet_max_width":0,"ocean_custom_logo_mobile_max_width":0,"ocean_custom_logo_max_height":0,"ocean_custom_logo_tablet_max_height":0,"ocean_custom_logo_mobile_max_height":0,"ocean_header_custom_menu":"","ocean_menu_typo_font_family":"","ocean_menu_typo_font_subset":"","ocean_menu_typo_font_size":0,"ocean_menu_typo_font_size_tablet":0,"ocean_menu_typo_font_size_mobile":0,"ocean_menu_typo_font_size_unit":"px","ocean_menu_typo_font_weight":"","ocean_menu_typo_font_weight_tablet":"","ocean_menu_typo_font_weight_mobile":"","ocean_menu_typo_transform":"","ocean_menu_typo_transform_tablet":"","ocean_menu_typo_transform_mobile":"","ocean_menu_typo_line_height":0,"ocean_menu_typo_line_height_tablet":0,"ocean_menu_typo_line_height_mobile":0,"ocean_menu_typo_line_height_unit":"","ocean_menu_typo_spacing":0,"ocean_menu_typo_spacing_tablet":0,"ocean_menu_typo_spacing_mobile":0,"ocean_menu_typo_spacing_unit":"","ocean_menu_link_color":"","ocean_menu_link_color_hover":"","ocean_menu_link_color_active":"","ocean_menu_link_background":"","ocean_menu_link_hover_background":"","ocean_menu_link_active_background":"","ocean_menu_social_links_bg":"","ocean_menu_social_hover_links_bg":"","ocean_menu_social_links_color":"","ocean_menu_social_hover_links_color":"","ocean_disable_title":"default","ocean_disable_heading":"default","ocean_post_title":"","ocean_post_subheading":"","ocean_post_title_style":"","ocean_post_title_background_color":"","ocean_post_title_background":0,"ocean_post_title_bg_image_position":"","ocean_post_title_bg_image_attachment":"","ocean_post_title_bg_image_repeat":"","ocean_post_title_bg_image_size":"","ocean_post_title_height":0,"ocean_post_title_bg_overlay":0.5,"ocean_post_title_bg_overlay_color":"","ocean_disable_breadcrumbs":"default","ocean_breadcrumbs_color":"","ocean_breadcrumbs_separator_color":"","ocean_breadcrumbs_links_color":"","ocean_breadcrumbs_links_hover_color":"","ocean_display_footer_widgets":"default","ocean_display_footer_bottom":"default","ocean_custom_footer_template":"","footnotes":""},"class_list":["post-32","page","type-page","status-publish","hentry","entry"],"yoast_head":"<!-- This site is optimized with the Yoast SEO plugin v27.3 - https:\/\/yoast.com\/product\/yoast-seo-wordpress\/ -->\n<title>Accueil - Coquelic&#039;Home<\/title>\n<meta name=\"description\" content=\"Bienvenue chez Coquelic&#039;Home, micro-cr\u00e8che au naturel \u00e0 Plou\u00ebc du Trieux (22). Nous sommes ouvert du lundi au vendredi, de 07h30 \u00e0 18h30.\" \/>\n<meta name=\"robots\" content=\"index, follow, max-snippet:-1, max-image-preview:large, max-video-preview:-1\" \/>\n<link rel=\"canonical\" href=\"https:\/\/coquelic-home.fr\/\" \/>\n<meta property=\"og:locale\" content=\"fr_FR\" \/>\n<meta property=\"og:type\" content=\"article\" \/>\n<meta property=\"og:title\" content=\"Accueil - Coquelic&#039;Home\" \/>\n<meta property=\"og:description\" content=\"Bienvenue chez Coquelic&#039;Home, micro-cr\u00e8che au naturel \u00e0 Plou\u00ebc du Trieux (22). Nous sommes ouvert du lundi au vendredi, de 07h30 \u00e0 18h30.\" \/>\n<meta property=\"og:url\" content=\"https:\/\/coquelic-home.fr\/\" \/>\n<meta property=\"og:site_name\" content=\"Coquelic&#039;Home\" \/>\n<meta property=\"article:modified_time\" content=\"2025-10-01T13:04:43+00:00\" \/>\n<meta property=\"og:image\" content=\"https:\/\/coquelic-home.fr\/wp-content\/uploads\/2025\/07\/a.png\" \/>\n\t<meta property=\"og:image:width\" content=\"1417\" \/>\n\t<meta property=\"og:image:height\" content=\"709\" \/>\n\t<meta property=\"og:image:type\" content=\"image\/png\" \/>\n<meta name=\"twitter:card\" content=\"summary_large_image\" \/>\n<meta name=\"twitter:label1\" content=\"Dur\u00e9e de lecture estim\u00e9e\" \/>\n\t<meta name=\"twitter:data1\" content=\"2 minutes\" \/>\n<script type=\"application\/ld+json\" class=\"yoast-schema-graph\">{\"@context\":\"https:\\\/\\\/schema.org\",\"@graph\":[{\"@type\":\"WebPage\",\"@id\":\"https:\\\/\\\/coquelic-home.fr\\\/\",\"url\":\"https:\\\/\\\/coquelic-home.fr\\\/\",\"name\":\"Accueil - Coquelic&#039;Home\",\"isPartOf\":{\"@id\":\"https:\\\/\\\/coquelic-home.fr\\\/#website\"},\"primaryImageOfPage\":{\"@id\":\"https:\\\/\\\/coquelic-home.fr\\\/#primaryimage\"},\"image\":{\"@id\":\"https:\\\/\\\/coquelic-home.fr\\\/#primaryimage\"},\"thumbnailUrl\":\"https:\\\/\\\/coquelic-home.fr\\\/wp-content\\\/uploads\\\/2025\\\/07\\\/a-768x384.png\",\"datePublished\":\"2025-06-30T10:48:26+00:00\",\"dateModified\":\"2025-10-01T13:04:43+00:00\",\"description\":\"Bienvenue chez Coquelic'Home, micro-cr\u00e8che au naturel \u00e0 Plou\u00ebc du Trieux (22). Nous sommes ouvert du lundi au vendredi, de 07h30 \u00e0 18h30.\",\"breadcrumb\":{\"@id\":\"https:\\\/\\\/coquelic-home.fr\\\/#breadcrumb\"},\"inLanguage\":\"fr-FR\",\"potentialAction\":[{\"@type\":\"ReadAction\",\"target\":[\"https:\\\/\\\/coquelic-home.fr\\\/\"]}]},{\"@type\":\"ImageObject\",\"inLanguage\":\"fr-FR\",\"@id\":\"https:\\\/\\\/coquelic-home.fr\\\/#primaryimage\",\"url\":\"https:\\\/\\\/coquelic-home.fr\\\/wp-content\\\/uploads\\\/2025\\\/07\\\/a.png\",\"contentUrl\":\"https:\\\/\\\/coquelic-home.fr\\\/wp-content\\\/uploads\\\/2025\\\/07\\\/a.png\",\"width\":1417,\"height\":709},{\"@type\":\"BreadcrumbList\",\"@id\":\"https:\\\/\\\/coquelic-home.fr\\\/#breadcrumb\",\"itemListElement\":[{\"@type\":\"ListItem\",\"position\":1,\"name\":\"Home\",\"item\":\"https:\\\/\\\/coquelic-home.fr\\\/\"},{\"@type\":\"ListItem\",\"position\":2,\"name\":\"Accueil\"}]},{\"@type\":\"WebSite\",\"@id\":\"https:\\\/\\\/coquelic-home.fr\\\/#website\",\"url\":\"https:\\\/\\\/coquelic-home.fr\\\/\",\"name\":\"Coquelic&#039;Home\",\"description\":\"Micro-cr\u00e8che au Naturel\",\"potentialAction\":[{\"@type\":\"SearchAction\",\"target\":{\"@type\":\"EntryPoint\",\"urlTemplate\":\"https:\\\/\\\/coquelic-home.fr\\\/?s={search_term_string}\"},\"query-input\":{\"@type\":\"PropertyValueSpecification\",\"valueRequired\":true,\"valueName\":\"search_term_string\"}}],\"inLanguage\":\"fr-FR\"}]}<\/script>\n<!-- \/ Yoast SEO plugin. -->","yoast_head_json":{"title":"Accueil - Coquelic&#039;Home","description":"Bienvenue chez Coquelic'Home, micro-cr\u00e8che au naturel \u00e0 Plou\u00ebc du Trieux (22). Nous sommes ouvert du lundi au vendredi, de 07h30 \u00e0 18h30.","robots":{"index":"index","follow":"follow","max-snippet":"max-snippet:-1","max-image-preview":"max-image-preview:large","max-video-preview":"max-video-preview:-1"},"canonical":"https:\/\/coquelic-home.fr\/","og_locale":"fr_FR","og_type":"article","og_title":"Accueil - Coquelic&#039;Home","og_description":"Bienvenue chez Coquelic'Home, micro-cr\u00e8che au naturel \u00e0 Plou\u00ebc du Trieux (22). Nous sommes ouvert du lundi au vendredi, de 07h30 \u00e0 18h30.","og_url":"https:\/\/coquelic-home.fr\/","og_site_name":"Coquelic&#039;Home","article_modified_time":"2025-10-01T13:04:43+00:00","og_image":[{"width":1417,"height":709,"url":"https:\/\/coquelic-home.fr\/wp-content\/uploads\/2025\/07\/a.png","type":"image\/png"}],"twitter_card":"summary_large_image","twitter_misc":{"Dur\u00e9e de lecture estim\u00e9e":"2 minutes"},"schema":{"@context":"https:\/\/schema.org","@graph":[{"@type":"WebPage","@id":"https:\/\/coquelic-home.fr\/","url":"https:\/\/coquelic-home.fr\/","name":"Accueil - Coquelic&#039;Home","isPartOf":{"@id":"https:\/\/coquelic-home.fr\/#website"},"primaryImageOfPage":{"@id":"https:\/\/coquelic-home.fr\/#primaryimage"},"image":{"@id":"https:\/\/coquelic-home.fr\/#primaryimage"},"thumbnailUrl":"https:\/\/coquelic-home.fr\/wp-content\/uploads\/2025\/07\/a-768x384.png","datePublished":"2025-06-30T10:48:26+00:00","dateModified":"2025-10-01T13:04:43+00:00","description":"Bienvenue chez Coquelic'Home, micro-cr\u00e8che au naturel \u00e0 Plou\u00ebc du Trieux (22). Nous sommes ouvert du lundi au vendredi, de 07h30 \u00e0 18h30.","breadcrumb":{"@id":"https:\/\/coquelic-home.fr\/#breadcrumb"},"inLanguage":"fr-FR","potentialAction":[{"@type":"ReadAction","target":["https:\/\/coquelic-home.fr\/"]}]},{"@type":"ImageObject","inLanguage":"fr-FR","@id":"https:\/\/coquelic-home.fr\/#primaryimage","url":"https:\/\/coquelic-home.fr\/wp-content\/uploads\/2025\/07\/a.png","contentUrl":"https:\/\/coquelic-home.fr\/wp-content\/uploads\/2025\/07\/a.png","width":1417,"height":709},{"@type":"BreadcrumbList","@id":"https:\/\/coquelic-home.fr\/#breadcrumb","itemListElement":[{"@type":"ListItem","position":1,"name":"Home","item":"https:\/\/coquelic-home.fr\/"},{"@type":"ListItem","position":2,"name":"Accueil"}]},{"@type":"WebSite","@id":"https:\/\/coquelic-home.fr\/#website","url":"https:\/\/coquelic-home.fr\/","name":"Coquelic&#039;Home","description":"Micro-cr\u00e8che au Naturel","potentialAction":[{"@type":"SearchAction","target":{"@type":"EntryPoint","urlTemplate":"https:\/\/coquelic-home.fr\/?s={search_term_string}"},"query-input":{"@type":"PropertyValueSpecification","valueRequired":true,"valueName":"search_term_string"}}],"inLanguage":"fr-FR"}]}},"_links":{"self":[{"href":"https:\/\/coquelic-home.fr\/index.php?rest_route=\/wp\/v2\/pages\/32","targetHints":{"allow":["GET"]}}],"collection":[{"href":"https:\/\/coquelic-home.fr\/index.php?rest_route=\/wp\/v2\/pages"}],"about":[{"href":"https:\/\/coquelic-home.fr\/index.php?rest_route=\/wp\/v2\/types\/page"}],"author":[{"embeddable":true,"href":"https:\/\/coquelic-home.fr\/index.php?rest_route=\/wp\/v2\/users\/2"}],"replies":[{"embeddable":true,"href":"https:\/\/coquelic-home.fr\/index.php?rest_route=%2Fwp%2Fv2%2Fcomments&post=32"}],"version-history":[{"count":22,"href":"https:\/\/coquelic-home.fr\/index.php?rest_route=\/wp\/v2\/pages\/32\/revisions"}],"predecessor-version":[{"id":192,"href":"https:\/\/coquelic-home.fr\/index.php?rest_route=\/wp\/v2\/pages\/32\/revisions\/192"}],"wp:attachment":[{"href":"https:\/\/coquelic-home.fr\/index.php?rest_route=%2Fwp%2Fv2%2Fmedia&parent=32"}],"curies":[{"name":"wp","href":"https:\/\/api.w.org\/{rel}","templated":true}]}}